{"id":9900,"date":"2018-05-09T11:15:24","date_gmt":"2018-05-09T11:15:24","guid":{"rendered":"https:\/\/tech4goodcongress.com\/avis-legal\/"},"modified":"2025-06-19T11:50:37","modified_gmt":"2025-06-19T11:50:37","slug":"aviso-legal","status":"publish","type":"page","link":"https:\/\/tech4goodcongress.com\/es\/aviso-legal\/","title":{"rendered":"Aviso legal"},"content":{"rendered":"<div class=\"wpb-content-wrapper\"><p>[vc_row][vc_column width=\u00bb2\/3&#8243;]    <div class=\"heading clearfix  heading- \">\r\n        <div class=\"heading-inner\">\r\n            <h2>AVISO LEGAL<\/h2>\r\n                                        <div class=\"des\">En cumplimiento de la Ley 34\/2002, de 11 de julio, de Servicios de la Sociedad de la Informaci\u00f3n y de Comercio electr\u00f3nico, se informa al Usuario que el titular de la p\u00e1gina web www.tech4goodcongress.com es\u00a0 FUNDACI\u00d3 EURECAT, cuyos datos de identificaci\u00f3n son los siguientes:<\/p>\n<p>Domicilio social: Avda. Universidad Aut\u00f3noma, 23<br \/>\nCP: 08290 Poblaci\u00f3n: Cerdanyola del Vall\u00e8s Provincia: Barcelona<br \/>\nCIF: G66210345<br \/>\nCorreo electr\u00f3nico: legal@eurecat.org<br \/>\nDatos del registro: Inscrita al Registro de Fundaciones de la Generalitat de Catalu\u00f1a con el n\u00famero 2826.<\/p>\n<table width=\"0\">\n<tbody>\n<tr>\n<td width=\"574\"><strong>1. <\/strong>\u00a0<strong>Acceder a la P\u00e1gina Web:<\/strong><\/td>\n<\/tr>\n<\/tbody>\n<\/table>\n<p>El aviso Legal regula el acceso y uso de los Usuarios a la p\u00e1gina web y tiene por objeto dar a conocer los servicios y productos de la entidad y permitir el acceso general de todos los usuarios de Internet.<\/p>\n<p>El acceso y\/o uso de la Web atribuye a quien lo realiza la condici\u00f3n de Usuario y la aceptaci\u00f3n, sin reservas de ninguna clase, de todas y cada una de las presentes condiciones generales, as\u00ed como de aquellas otras particulares que, si procede, rijan la utilizaci\u00f3n del Portal o de los servicios vinculados al mismo.<\/p>\n<p>El usuario tiene que leer atentamente el Aviso Legal y las Pol\u00edticas de Privacidad y de Cookies cuando se proponga utilizar la P\u00e1gina Web, puesto que FUNDACI\u00d3 EURECAT se reserva la facultad de realizar, en cualquier momento y sin necesidad de ning\u00fan preaviso, cualquier modificaci\u00f3n o actualizaci\u00f3n de los contenidos y servicios, de las presentes disposiciones de acceso y uso y, en general, de cu\u00e1ntos elementos integren el dise\u00f1o y configuraci\u00f3n de su Web. Si no acepta las condiciones de acceso y uso, le rogamos se abstenga de utilizar el Web y su contenido.<\/p>\n<table width=\"0\">\n<tbody>\n<tr>\n<td width=\"574\"><strong>2. <\/strong>\u00a0\u00a0<strong>Utilizaci\u00f3n de la P\u00e1gina Web:<\/strong><\/td>\n<\/tr>\n<\/tbody>\n<\/table>\n<p>El Usuario deber\u00e1 hacer un uso diligente de la P\u00e1gina Web, as\u00ed como de la informaci\u00f3n relativa a sus servicios y\/o actividades, con total sujeci\u00f3n, tanto a la normativa aplicable, como a la moral, a las buenas costumbres generalmente aceptadas y al orden p\u00fablico, a las condiciones de acceso y uso y a cualesquiera otras condiciones establecidas en la P\u00e1gina Web.<\/p>\n<p>Adem\u00e1s, deber\u00e1 abstenerse de utilizar cualquiera de los contenidos con finalidades o efectos il\u00edcitos, prohibidos en el presente texto, lesivos de los derechos e intereses de terceros, o que de cualquier forma puedan da\u00f1ar, inutilizar, sobrecargar, deteriorar o impedir la normal utilizaci\u00f3n de los contenidos, otros usuarios o de cualquier usuario de Internet (hardware y software).<\/p>\n<table width=\"0\">\n<tbody>\n<tr>\n<td width=\"574\"><strong>3. <\/strong>\u00a0\u00a0\u00a0<strong>Funcionamiento de la P\u00e1gina Web:<\/strong><\/td>\n<\/tr>\n<\/tbody>\n<\/table>\n<p>En caso de incumplimiento de las condiciones del Aviso Legal o de las Pol\u00edticas de Privacidad y Cookies, FUNDACI\u00d3 EURECAT se reserva el derecho a limitar, suspender y\/o excluir el acceso a su P\u00e1gina Web, adoptando cualquier medida t\u00e9cnica necesaria al respecto. FUNDACI\u00d3 EURECAT har\u00e1 lo posible para mantener la p\u00e1gina Web en buen funcionamiento, evitando errores, o bien repar\u00e1ndolos y manteniendo los contenidos actualizados. FUNDACI\u00d3 EURECAT no garantiza la disponibilidad y continuidad en el acceso en la P\u00e1gina Web ni la inexistencia de errores en el contenido.<\/p>\n<table width=\"0\">\n<tbody>\n<tr>\n<td width=\"574\"><strong>4. <\/strong>\u00a0\u00a0\u00a0<strong>Responsabilidad:<\/strong><\/td>\n<\/tr>\n<\/tbody>\n<\/table>\n<p>El Usuario es el \u00fanico responsable del uso que se pueda hacer de cualquier informaci\u00f3n o mecanismo de la P\u00e1gina Web.<\/p>\n<p>FUNDACI\u00d3 EURECAT no se har\u00e1 responsable de ning\u00fan da\u00f1o en el hardware y\/o software del Usuario que se derive del acceso y uso de la P\u00e1gina Web. As\u00ed mismo, tampoco se responsabilizar\u00e1 de aquellos da\u00f1os y\/o perjuicios que se puedan ocasionar por el acceso y\/o uso de la informaci\u00f3n de la P\u00e1gina Web y, en concreto, de los que se puedan producir en sistemas inform\u00e1ticos o los provocados por virus \/o ataques inform\u00e1ticos, ca\u00eddas, interrupciones ausencia o defecto en las comunicaciones y\/o Internet.<\/p>\n<p>El Usuario ser\u00e1 responsable de los da\u00f1os y\/o perjuicios que FUNDACI\u00d3 EURECAT pueda sufrir como consecuencia del incumplimiento de cualquiera de las obligaciones a las que queda sometido a trav\u00e9s del presente Aviso Legal, la normativa aplicable y la Pol\u00edtica de Privacidad y de Cookies.<\/p>\n<table width=\"0\">\n<tbody>\n<tr>\n<td width=\"574\"><strong>5. <\/strong>\u00a0\u00a0\u00a0\u00a0<strong>Pol\u00edtica en materia de \u201clinks\u201d (web enlazante i web enlazada):<\/strong><\/td>\n<\/tr>\n<\/tbody>\n<\/table>\n<p><strong>a) Web enlazante:<\/strong><\/p>\n<p>Los terceros que tengan la intenci\u00f3n de incluir en una p\u00e1gina web un enlace de la presente p\u00e1gina web tendr\u00e1n que cumplir con la legislaci\u00f3n vigente y no podr\u00e1n alojar contenidos que sean inapropiados, il\u00edcitos, pornogr\u00e1ficos, violentos, etc.<\/p>\n<p>En ning\u00fan caso FUNDACI\u00d3 EURECAT se hace responsable del contenido de la P\u00e1gina Web, ni promueve, garantiza, supervisa ni recomienda los contenidos de esta.<\/p>\n<p>Si la Web enlazante incumple alguno de los aspectos anteriores estar\u00e1 obligado a suprimir el enlace de manera inmediata.<\/p>\n<p><strong>b) Web enlazada:<\/strong><\/p>\n<p>En esta P\u00e1gina Web se pueden incluir enlaces de p\u00e1ginas web de terceros que permitan al Usuario acceder. No obstante, FUNDACI\u00d3 EURECAT no se hace responsable del contenido de estas p\u00e1ginas web enlazadas, sino que ser\u00e1 el Usuario el encargado de aceptar y comprobar los accesos cada vez que acceda.<\/p>\n<p>Tales enlaces o menciones tienen una finalidad que no implica el apoyo, la aprobaci\u00f3n, comercializaci\u00f3n o relaci\u00f3n alguna entre Fundaci\u00f3 Eurecat y las personas o entidades titulares de los lugares donde se encuentren.<strong>\u00a0<\/strong><\/p>\n<table width=\"0\">\n<tbody>\n<tr>\n<td width=\"574\"><strong>6. <\/strong>\u00a0\u00a0\u00a0\u00a0\u00a0<strong>Propiedad Intelectual e industrial sobre los contenidos:<\/strong><\/td>\n<\/tr>\n<\/tbody>\n<\/table>\n<p>FUNDACI\u00d3 EURECAT o sus licenciantes, son titulares de todos los derechos de propiedad intelectual sobre los Contenidos de la P\u00e1gina Web, entendiendo como tales todos los dise\u00f1os, bases de datos, programas de ordenadores subyacentes (c\u00f3digo fuente, incluido), as\u00ed como los diferentes elementos que integran la P\u00e1gina Web (textos, gr\u00e1ficos, fotograf\u00edas, v\u00eddeos, colores, etc.), estructura, orden, etc. En relaci\u00f3n a las marcas y nombres comerciales (\u201csignos distintivos\u201d) son titularidad de FUNDACI\u00d3 EURECAT o los licenciantes.<\/p>\n<p>El uso de la P\u00e1gina Web por parte del Usuario no supone la cesi\u00f3n de ning\u00fan derecho de propiedad intelectual ni industrial. El Usuario tiene totalmente prohibido reproducir, copiar, distribuir, poner a disposici\u00f3n o cualquier otra forma de comunicar p\u00fablicamente, transformar o modificar los Contenidos o los Signos distintivos, salvo que se cuente con la autorizaci\u00f3n del titular de los correspondientes derechos o esto resulte legalmente permitido.<\/p>\n<table width=\"0\">\n<tbody>\n<tr>\n<td width=\"574\"><strong>7. <\/strong>\u00a0\u00a0\u00a0\u00a0\u00a0<strong>Publicidad:<\/strong><\/td>\n<\/tr>\n<\/tbody>\n<\/table>\n<p>En la p\u00e1gina Web podr\u00e1n alojarse contenidos publicitarios o patrocinados. Los anunciantes o patrocinadores son los \u00fanicos responsables de asegurarse que el material remitido para su inclusi\u00f3n en la Web cumple con las leyes que en cada caso puedan ser aplicable.<\/p>\n<p>FUNDACI\u00d3 EURECAT no ser\u00e1 responsable de ning\u00fan error, inexactitud o irregularidad que puedan contener los contenidos publicitarios o de los patrocinadores.<\/p>\n<table width=\"0\">\n<tbody>\n<tr>\n<td width=\"574\"><strong>8. <\/strong>\u00a0\u00a0\u00a0\u00a0\u00a0\u00a0<strong>Legislaci\u00f3n aplicable:<\/strong><\/td>\n<\/tr>\n<\/tbody>\n<\/table>\n<p>El Aviso Legal se regir\u00e1 e interpretar\u00e1 de conformidad con la legislaci\u00f3n espa\u00f1ola.<\/p>\n<p>Para la resoluci\u00f3n de cualquier conflicto que pudiera derivarse del acceso al sitio web, se someter\u00e1n a los juzgados o tribunales pertinentes en conformidad con la normativa de consumidores y usuarios.<strong>\u00a0<\/strong><\/p>\n<table width=\"0\">\n<tbody>\n<tr>\n<td width=\"574\"><strong>9. <\/strong>\u00a0\u00a0\u00a0\u00a0\u00a0\u00a0<strong>Contacto:<\/strong><\/td>\n<\/tr>\n<\/tbody>\n<\/table>\n<p>Para cualquier consulta o comentario sobre el presente Aviso Legal se podr\u00e1 poner en contacto con nosotros a trav\u00e9s del correo electr\u00f3nico: legal@eurecat.org<\/div>\r\n                    <\/div>\r\n    <\/div>\r\n    [\/vc_column][vc_column width=\u00bb1\/3&#8243;][\/vc_column][\/vc_row]<\/p>\n<\/div>","protected":false},"excerpt":{"rendered":"<p>[vc_row][vc_column width=\u00bb2\/3&#8243;][\/vc_column][vc_column width=\u00bb1\/3&#8243;][\/vc_column][\/vc_row]<\/p>\n","protected":false},"author":8,"featured_media":0,"parent":0,"menu_order":0,"comment_status":"closed","ping_status":"closed","template":"","meta":{"footnotes":""},"class_list":["post-9900","page","type-page","status-publish","hentry"],"yoast_head":"<!-- This site is optimized with the Yoast SEO plugin v27.4 - https:\/\/yoast.com\/product\/yoast-seo-wordpress\/ -->\n<title>Aviso legal - tech4goodcongress<\/title>\n<meta name=\"robots\" content=\"index, follow, max-snippet:-1, max-image-preview:large, max-video-preview:-1\" \/>\n<link rel=\"canonical\" href=\"https:\/\/tech4goodcongress.com\/es\/aviso-legal\/\" \/>\n<meta property=\"og:locale\" content=\"es_ES\" \/>\n<meta property=\"og:type\" content=\"article\" \/>\n<meta property=\"og:title\" content=\"Aviso legal - tech4goodcongress\" \/>\n<meta property=\"og:description\" content=\"[vc_row][vc_column width=\u00bb2\/3&#8243;][\/vc_column][vc_column width=\u00bb1\/3&#8243;][\/vc_column][\/vc_row]\" \/>\n<meta property=\"og:url\" content=\"https:\/\/tech4goodcongress.com\/es\/aviso-legal\/\" \/>\n<meta property=\"og:site_name\" content=\"tech4goodcongress\" \/>\n<meta property=\"article:modified_time\" content=\"2025-06-19T11:50:37+00:00\" \/>\n<meta name=\"twitter:card\" content=\"summary_large_image\" \/>\n<meta name=\"twitter:label1\" content=\"Tiempo de lectura\" \/>\n\t<meta name=\"twitter:data1\" content=\"6 minutos\" \/>\n<script type=\"application\/ld+json\" class=\"yoast-schema-graph\">{\"@context\":\"https:\\\/\\\/schema.org\",\"@graph\":[{\"@type\":\"WebPage\",\"@id\":\"https:\\\/\\\/tech4goodcongress.com\\\/es\\\/aviso-legal\\\/\",\"url\":\"https:\\\/\\\/tech4goodcongress.com\\\/es\\\/aviso-legal\\\/\",\"name\":\"Aviso legal - tech4goodcongress\",\"isPartOf\":{\"@id\":\"https:\\\/\\\/tech4goodcongress.com\\\/#website\"},\"datePublished\":\"2018-05-09T11:15:24+00:00\",\"dateModified\":\"2025-06-19T11:50:37+00:00\",\"breadcrumb\":{\"@id\":\"https:\\\/\\\/tech4goodcongress.com\\\/es\\\/aviso-legal\\\/#breadcrumb\"},\"inLanguage\":\"es\",\"potentialAction\":[{\"@type\":\"ReadAction\",\"target\":[\"https:\\\/\\\/tech4goodcongress.com\\\/es\\\/aviso-legal\\\/\"]}]},{\"@type\":\"BreadcrumbList\",\"@id\":\"https:\\\/\\\/tech4goodcongress.com\\\/es\\\/aviso-legal\\\/#breadcrumb\",\"itemListElement\":[{\"@type\":\"ListItem\",\"position\":1,\"name\":\"Inici\",\"item\":\"https:\\\/\\\/tech4goodcongress.com\\\/es\\\/home\\\/\"},{\"@type\":\"ListItem\",\"position\":2,\"name\":\"Aviso legal\"}]},{\"@type\":\"WebSite\",\"@id\":\"https:\\\/\\\/tech4goodcongress.com\\\/#website\",\"url\":\"https:\\\/\\\/tech4goodcongress.com\\\/\",\"name\":\"tech4goodcongress\",\"description\":\"tech4goodcongress\",\"potentialAction\":[{\"@type\":\"SearchAction\",\"target\":{\"@type\":\"EntryPoint\",\"urlTemplate\":\"https:\\\/\\\/tech4goodcongress.com\\\/?s={search_term_string}\"},\"query-input\":{\"@type\":\"PropertyValueSpecification\",\"valueRequired\":true,\"valueName\":\"search_term_string\"}}],\"inLanguage\":\"es\"}]}<\/script>\n<!-- \/ Yoast SEO plugin. -->","yoast_head_json":{"title":"Aviso legal - tech4goodcongress","robots":{"index":"index","follow":"follow","max-snippet":"max-snippet:-1","max-image-preview":"max-image-preview:large","max-video-preview":"max-video-preview:-1"},"canonical":"https:\/\/tech4goodcongress.com\/es\/aviso-legal\/","og_locale":"es_ES","og_type":"article","og_title":"Aviso legal - tech4goodcongress","og_description":"[vc_row][vc_column width=\u00bb2\/3&#8243;][\/vc_column][vc_column width=\u00bb1\/3&#8243;][\/vc_column][\/vc_row]","og_url":"https:\/\/tech4goodcongress.com\/es\/aviso-legal\/","og_site_name":"tech4goodcongress","article_modified_time":"2025-06-19T11:50:37+00:00","twitter_card":"summary_large_image","twitter_misc":{"Tiempo de lectura":"6 minutos"},"schema":{"@context":"https:\/\/schema.org","@graph":[{"@type":"WebPage","@id":"https:\/\/tech4goodcongress.com\/es\/aviso-legal\/","url":"https:\/\/tech4goodcongress.com\/es\/aviso-legal\/","name":"Aviso legal - tech4goodcongress","isPartOf":{"@id":"https:\/\/tech4goodcongress.com\/#website"},"datePublished":"2018-05-09T11:15:24+00:00","dateModified":"2025-06-19T11:50:37+00:00","breadcrumb":{"@id":"https:\/\/tech4goodcongress.com\/es\/aviso-legal\/#breadcrumb"},"inLanguage":"es","potentialAction":[{"@type":"ReadAction","target":["https:\/\/tech4goodcongress.com\/es\/aviso-legal\/"]}]},{"@type":"BreadcrumbList","@id":"https:\/\/tech4goodcongress.com\/es\/aviso-legal\/#breadcrumb","itemListElement":[{"@type":"ListItem","position":1,"name":"Inici","item":"https:\/\/tech4goodcongress.com\/es\/home\/"},{"@type":"ListItem","position":2,"name":"Aviso legal"}]},{"@type":"WebSite","@id":"https:\/\/tech4goodcongress.com\/#website","url":"https:\/\/tech4goodcongress.com\/","name":"tech4goodcongress","description":"tech4goodcongress","potentialAction":[{"@type":"SearchAction","target":{"@type":"EntryPoint","urlTemplate":"https:\/\/tech4goodcongress.com\/?s={search_term_string}"},"query-input":{"@type":"PropertyValueSpecification","valueRequired":true,"valueName":"search_term_string"}}],"inLanguage":"es"}]}},"_links":{"self":[{"href":"https:\/\/tech4goodcongress.com\/es\/wp-json\/wp\/v2\/pages\/9900","targetHints":{"allow":["GET"]}}],"collection":[{"href":"https:\/\/tech4goodcongress.com\/es\/wp-json\/wp\/v2\/pages"}],"about":[{"href":"https:\/\/tech4goodcongress.com\/es\/wp-json\/wp\/v2\/types\/page"}],"author":[{"embeddable":true,"href":"https:\/\/tech4goodcongress.com\/es\/wp-json\/wp\/v2\/users\/8"}],"replies":[{"embeddable":true,"href":"https:\/\/tech4goodcongress.com\/es\/wp-json\/wp\/v2\/comments?post=9900"}],"version-history":[{"count":0,"href":"https:\/\/tech4goodcongress.com\/es\/wp-json\/wp\/v2\/pages\/9900\/revisions"}],"wp:attachment":[{"href":"https:\/\/tech4goodcongress.com\/es\/wp-json\/wp\/v2\/media?parent=9900"}],"curies":[{"name":"wp","href":"https:\/\/api.w.org\/{rel}","templated":true}]}}