{"id":9692,"date":"2018-05-08T15:03:08","date_gmt":"2018-05-08T15:03:08","guid":{"rendered":"https:\/\/tech4goodcongress.com\/organitzador\/"},"modified":"2025-06-19T11:51:00","modified_gmt":"2025-06-19T11:51:00","slug":"eurecat","status":"publish","type":"page","link":"https:\/\/tech4goodcongress.com\/es\/eurecat\/","title":{"rendered":"Eurecat"},"content":{"rendered":"<div class=\"wpb-content-wrapper\"><p>[vc_row][vc_column width=\u00bb1\/2&#8243;][vc_separator color=\u00bbwhite\u00bb][vc_separator color=\u00bbwhite\u00bb]    <div class=\"heading clearfix  heading- \">\r\n        <div class=\"heading-inner\">\r\n            <h2>Organizador<\/h2>\r\n                                        <div class=\"des\"><b><a href=\"https:\/\/eurecat.org\/es\/\"><img loading=\"lazy\" decoding=\"async\" class=\"alignleft wp-image-9366\" src=\"https:\/\/tech4goodcongress.com\/wp-content\/uploads\/2018\/05\/logo_eurecat.jpg\" alt=\"\" width=\"263\" height=\"112\" \/><\/a><\/b><\/p>\n<p>Eurecat, a trav\u00e9s del <strong>TECH4GOOD,<\/strong> quiere compartir la visi\u00f3n, las ideas y los resultados de los proyectos ejecutados tanto a nivel de investigaci\u00f3n aplicada como a nivel industrial.<\/p>\n<p><strong>El centro tecnol\u00f3gico de Catalu\u00f1a trabaja conjuntamente con las empresas en m\u00e1s de 200 proyectos de I+D+i de alto valor a\u00f1adido<\/strong>, entre los cuales,\u00a0algunos est\u00e1n centrados en el consumo de alimentos y la salud, la mejora del ciclo integral del agua o la reducci\u00f3n de emisiones de gases de efecto invernadero e incremento de la eficiencia energ\u00e9tica de los edificios.<\/p>\n<p><strong>TECH4GOOD<\/strong> es una clara oportunidad para conocer el potencial tecnol\u00f3gico del pa\u00eds y de los directores de empresas y centros de investigaci\u00f3n del territorio.<\/p>\n<p><strong>Eurecat provee al sector industrial y empresarial con tecnolog\u00eda diferencial y conocimiento avanzado<\/strong> para dar respuesta a sus necesidades de innovaci\u00f3n e impulsar su competitividad. <strong>Los servicios del centro se concentran en: I+D aplicada, servicios tecnol\u00f3gicos, consultor\u00eda tecnol\u00f3gica, formaci\u00f3n de alta especializaci\u00f3n, desarrollo de productos y servicios innovadores, y promoci\u00f3n y difusi\u00f3n de la innovaci\u00f3n tecnol\u00f3gica<\/strong>.<\/p>\n<p><strong>La actividad de Eurecat se dirige a todos los sectores empresariale<\/strong>s, pero <strong>especialmente, a los siete grandes \u00e1mbitos estrat\u00e9gicos del RIS3Cat<\/strong>: Alimentaci\u00f3n, Energ\u00eda y recursos, Sistemas industriales, Industrias basadas en el dise\u00f1o, Industrias relacionadas con la movilidad sostenible, Industrias de la salud e Industrias culturales y basadas en la experiencia.<\/p>\n<p><strong>M\u00e1s informaci\u00f3n en: www.eurecat.org\/es<\/strong><\/p>\n<p><b>\u00a0<\/b><\/div>\r\n                    <\/div>\r\n    <\/div>\r\n    [\/vc_column][vc_column width=\u00bb1\/2&#8243;][vc_separator color=\u00bbwhite\u00bb][vc_separator color=\u00bbwhite\u00bb][vc_separator color=\u00bbwhite\u00bb][vc_separator color=\u00bbwhite\u00bb][vc_separator color=\u00bbwhite\u00bb][vc_single_image image=\u00bb9637&#8243; img_size=\u00bbfull\u00bb alignment=\u00bbcenter\u00bb][vc_separator color=\u00bbwhite\u00bb][vc_separator color=\u00bbwhite\u00bb][vc_single_image image=\u00bb10387&#8243; img_size=\u00bbfull\u00bb alignment=\u00bbcenter\u00bb][\/vc_column][\/vc_row][vc_row][vc_column][vc_column_text]<\/p>\n<p>[\/vc_column_text][\/vc_column][\/vc_row]<\/p>\n<\/div>","protected":false},"excerpt":{"rendered":"<p>[vc_row][vc_column width=\u00bb1\/2&#8243;][vc_separator color=\u00bbwhite\u00bb][vc_separator color=\u00bbwhite\u00bb][\/vc_column][vc_column width=\u00bb1\/2&#8243;][vc_separator color=\u00bbwhite\u00bb][vc_separator color=\u00bbwhite\u00bb][vc_separator color=\u00bbwhite\u00bb][vc_separator color=\u00bbwhite\u00bb][vc_separator color=\u00bbwhite\u00bb][vc_single_image image=\u00bb9637&#8243; img_size=\u00bbfull\u00bb alignment=\u00bbcenter\u00bb][vc_separator color=\u00bbwhite\u00bb][vc_separator color=\u00bbwhite\u00bb][vc_single_image image=\u00bb10387&#8243; img_size=\u00bbfull\u00bb alignment=\u00bbcenter\u00bb][\/vc_column][\/vc_row][vc_row][vc_column][vc_column_text] [\/vc_column_text][\/vc_column][\/vc_row]<\/p>\n","protected":false},"author":8,"featured_media":0,"parent":0,"menu_order":0,"comment_status":"closed","ping_status":"closed","template":"","meta":{"footnotes":""},"class_list":["post-9692","page","type-page","status-publish","hentry"],"yoast_head":"<!-- This site is optimized with the Yoast SEO plugin v27.4 - https:\/\/yoast.com\/product\/yoast-seo-wordpress\/ -->\n<title>Eurecat - tech4goodcongress<\/title>\n<meta name=\"robots\" content=\"index, follow, max-snippet:-1, max-image-preview:large, max-video-preview:-1\" \/>\n<link rel=\"canonical\" href=\"https:\/\/tech4goodcongress.com\/es\/eurecat\/\" \/>\n<meta property=\"og:locale\" content=\"es_ES\" \/>\n<meta property=\"og:type\" content=\"article\" \/>\n<meta property=\"og:title\" content=\"Eurecat - tech4goodcongress\" \/>\n<meta property=\"og:description\" content=\"[vc_row][vc_column width=\u00bb1\/2&#8243;][vc_separator color=\u00bbwhite\u00bb][vc_separator color=\u00bbwhite\u00bb][\/vc_column][vc_column width=\u00bb1\/2&#8243;][vc_separator color=\u00bbwhite\u00bb][vc_separator color=\u00bbwhite\u00bb][vc_separator color=\u00bbwhite\u00bb][vc_separator color=\u00bbwhite\u00bb][vc_separator color=\u00bbwhite\u00bb][vc_single_image image=\u00bb9637&#8243; img_size=\u00bbfull\u00bb alignment=\u00bbcenter\u00bb][vc_separator color=\u00bbwhite\u00bb][vc_separator color=\u00bbwhite\u00bb][vc_single_image image=\u00bb10387&#8243; img_size=\u00bbfull\u00bb alignment=\u00bbcenter\u00bb][\/vc_column][\/vc_row][vc_row][vc_column][vc_column_text] [\/vc_column_text][\/vc_column][\/vc_row]\" \/>\n<meta property=\"og:url\" content=\"https:\/\/tech4goodcongress.com\/es\/eurecat\/\" \/>\n<meta property=\"og:site_name\" content=\"tech4goodcongress\" \/>\n<meta property=\"article:modified_time\" content=\"2025-06-19T11:51:00+00:00\" \/>\n<meta property=\"og:image\" content=\"https:\/\/tech4goodcongress.com\/wp-content\/uploads\/2018\/05\/logo_eurecat.jpg\" \/>\n\t<meta property=\"og:image:width\" content=\"300\" \/>\n\t<meta property=\"og:image:height\" content=\"122\" \/>\n\t<meta property=\"og:image:type\" content=\"image\/jpeg\" \/>\n<meta name=\"twitter:card\" content=\"summary_large_image\" \/>\n<meta name=\"twitter:label1\" content=\"Tiempo de lectura\" \/>\n\t<meta name=\"twitter:data1\" content=\"2 minutos\" \/>\n<script type=\"application\/ld+json\" class=\"yoast-schema-graph\">{\"@context\":\"https:\\\/\\\/schema.org\",\"@graph\":[{\"@type\":\"WebPage\",\"@id\":\"https:\\\/\\\/tech4goodcongress.com\\\/es\\\/eurecat\\\/\",\"url\":\"https:\\\/\\\/tech4goodcongress.com\\\/es\\\/eurecat\\\/\",\"name\":\"Eurecat - tech4goodcongress\",\"isPartOf\":{\"@id\":\"https:\\\/\\\/tech4goodcongress.com\\\/#website\"},\"primaryImageOfPage\":{\"@id\":\"https:\\\/\\\/tech4goodcongress.com\\\/es\\\/eurecat\\\/#primaryimage\"},\"image\":{\"@id\":\"https:\\\/\\\/tech4goodcongress.com\\\/es\\\/eurecat\\\/#primaryimage\"},\"thumbnailUrl\":\"https:\\\/\\\/tech4goodcongress.com\\\/wp-content\\\/uploads\\\/2018\\\/05\\\/logo_eurecat.jpg\",\"datePublished\":\"2018-05-08T15:03:08+00:00\",\"dateModified\":\"2025-06-19T11:51:00+00:00\",\"breadcrumb\":{\"@id\":\"https:\\\/\\\/tech4goodcongress.com\\\/es\\\/eurecat\\\/#breadcrumb\"},\"inLanguage\":\"es\",\"potentialAction\":[{\"@type\":\"ReadAction\",\"target\":[\"https:\\\/\\\/tech4goodcongress.com\\\/es\\\/eurecat\\\/\"]}]},{\"@type\":\"ImageObject\",\"inLanguage\":\"es\",\"@id\":\"https:\\\/\\\/tech4goodcongress.com\\\/es\\\/eurecat\\\/#primaryimage\",\"url\":\"https:\\\/\\\/tech4goodcongress.com\\\/wp-content\\\/uploads\\\/2018\\\/05\\\/logo_eurecat.jpg\",\"contentUrl\":\"https:\\\/\\\/tech4goodcongress.com\\\/wp-content\\\/uploads\\\/2018\\\/05\\\/logo_eurecat.jpg\"},{\"@type\":\"BreadcrumbList\",\"@id\":\"https:\\\/\\\/tech4goodcongress.com\\\/es\\\/eurecat\\\/#breadcrumb\",\"itemListElement\":[{\"@type\":\"ListItem\",\"position\":1,\"name\":\"Inici\",\"item\":\"https:\\\/\\\/tech4goodcongress.com\\\/es\\\/home\\\/\"},{\"@type\":\"ListItem\",\"position\":2,\"name\":\"Eurecat\"}]},{\"@type\":\"WebSite\",\"@id\":\"https:\\\/\\\/tech4goodcongress.com\\\/#website\",\"url\":\"https:\\\/\\\/tech4goodcongress.com\\\/\",\"name\":\"tech4goodcongress\",\"description\":\"tech4goodcongress\",\"potentialAction\":[{\"@type\":\"SearchAction\",\"target\":{\"@type\":\"EntryPoint\",\"urlTemplate\":\"https:\\\/\\\/tech4goodcongress.com\\\/?s={search_term_string}\"},\"query-input\":{\"@type\":\"PropertyValueSpecification\",\"valueRequired\":true,\"valueName\":\"search_term_string\"}}],\"inLanguage\":\"es\"}]}<\/script>\n<!-- \/ Yoast SEO plugin. -->","yoast_head_json":{"title":"Eurecat - tech4goodcongress","robots":{"index":"index","follow":"follow","max-snippet":"max-snippet:-1","max-image-preview":"max-image-preview:large","max-video-preview":"max-video-preview:-1"},"canonical":"https:\/\/tech4goodcongress.com\/es\/eurecat\/","og_locale":"es_ES","og_type":"article","og_title":"Eurecat - tech4goodcongress","og_description":"[vc_row][vc_column width=\u00bb1\/2&#8243;][vc_separator color=\u00bbwhite\u00bb][vc_separator color=\u00bbwhite\u00bb][\/vc_column][vc_column width=\u00bb1\/2&#8243;][vc_separator color=\u00bbwhite\u00bb][vc_separator color=\u00bbwhite\u00bb][vc_separator color=\u00bbwhite\u00bb][vc_separator color=\u00bbwhite\u00bb][vc_separator color=\u00bbwhite\u00bb][vc_single_image image=\u00bb9637&#8243; img_size=\u00bbfull\u00bb alignment=\u00bbcenter\u00bb][vc_separator color=\u00bbwhite\u00bb][vc_separator color=\u00bbwhite\u00bb][vc_single_image image=\u00bb10387&#8243; img_size=\u00bbfull\u00bb alignment=\u00bbcenter\u00bb][\/vc_column][\/vc_row][vc_row][vc_column][vc_column_text] [\/vc_column_text][\/vc_column][\/vc_row]","og_url":"https:\/\/tech4goodcongress.com\/es\/eurecat\/","og_site_name":"tech4goodcongress","article_modified_time":"2025-06-19T11:51:00+00:00","og_image":[{"width":300,"height":122,"url":"https:\/\/tech4goodcongress.com\/wp-content\/uploads\/2018\/05\/logo_eurecat.jpg","type":"image\/jpeg"}],"twitter_card":"summary_large_image","twitter_misc":{"Tiempo de lectura":"2 minutos"},"schema":{"@context":"https:\/\/schema.org","@graph":[{"@type":"WebPage","@id":"https:\/\/tech4goodcongress.com\/es\/eurecat\/","url":"https:\/\/tech4goodcongress.com\/es\/eurecat\/","name":"Eurecat - tech4goodcongress","isPartOf":{"@id":"https:\/\/tech4goodcongress.com\/#website"},"primaryImageOfPage":{"@id":"https:\/\/tech4goodcongress.com\/es\/eurecat\/#primaryimage"},"image":{"@id":"https:\/\/tech4goodcongress.com\/es\/eurecat\/#primaryimage"},"thumbnailUrl":"https:\/\/tech4goodcongress.com\/wp-content\/uploads\/2018\/05\/logo_eurecat.jpg","datePublished":"2018-05-08T15:03:08+00:00","dateModified":"2025-06-19T11:51:00+00:00","breadcrumb":{"@id":"https:\/\/tech4goodcongress.com\/es\/eurecat\/#breadcrumb"},"inLanguage":"es","potentialAction":[{"@type":"ReadAction","target":["https:\/\/tech4goodcongress.com\/es\/eurecat\/"]}]},{"@type":"ImageObject","inLanguage":"es","@id":"https:\/\/tech4goodcongress.com\/es\/eurecat\/#primaryimage","url":"https:\/\/tech4goodcongress.com\/wp-content\/uploads\/2018\/05\/logo_eurecat.jpg","contentUrl":"https:\/\/tech4goodcongress.com\/wp-content\/uploads\/2018\/05\/logo_eurecat.jpg"},{"@type":"BreadcrumbList","@id":"https:\/\/tech4goodcongress.com\/es\/eurecat\/#breadcrumb","itemListElement":[{"@type":"ListItem","position":1,"name":"Inici","item":"https:\/\/tech4goodcongress.com\/es\/home\/"},{"@type":"ListItem","position":2,"name":"Eurecat"}]},{"@type":"WebSite","@id":"https:\/\/tech4goodcongress.com\/#website","url":"https:\/\/tech4goodcongress.com\/","name":"tech4goodcongress","description":"tech4goodcongress","potentialAction":[{"@type":"SearchAction","target":{"@type":"EntryPoint","urlTemplate":"https:\/\/tech4goodcongress.com\/?s={search_term_string}"},"query-input":{"@type":"PropertyValueSpecification","valueRequired":true,"valueName":"search_term_string"}}],"inLanguage":"es"}]}},"_links":{"self":[{"href":"https:\/\/tech4goodcongress.com\/es\/wp-json\/wp\/v2\/pages\/9692","targetHints":{"allow":["GET"]}}],"collection":[{"href":"https:\/\/tech4goodcongress.com\/es\/wp-json\/wp\/v2\/pages"}],"about":[{"href":"https:\/\/tech4goodcongress.com\/es\/wp-json\/wp\/v2\/types\/page"}],"author":[{"embeddable":true,"href":"https:\/\/tech4goodcongress.com\/es\/wp-json\/wp\/v2\/users\/8"}],"replies":[{"embeddable":true,"href":"https:\/\/tech4goodcongress.com\/es\/wp-json\/wp\/v2\/comments?post=9692"}],"version-history":[{"count":0,"href":"https:\/\/tech4goodcongress.com\/es\/wp-json\/wp\/v2\/pages\/9692\/revisions"}],"wp:attachment":[{"href":"https:\/\/tech4goodcongress.com\/es\/wp-json\/wp\/v2\/media?parent=9692"}],"curies":[{"name":"wp","href":"https:\/\/api.w.org\/{rel}","templated":true}]}}