{"id":9617,"date":"2018-05-08T12:51:06","date_gmt":"2018-05-08T12:51:06","guid":{"rendered":"https:\/\/tech4goodcongress.com\/on\/"},"modified":"2025-06-19T11:51:00","modified_gmt":"2025-06-19T11:51:00","slug":"donde","status":"publish","type":"page","link":"https:\/\/tech4goodcongress.com\/es\/donde\/","title":{"rendered":"D\u00f3nde"},"content":{"rendered":"<div class=\"wpb-content-wrapper\"><p>[vc_row][vc_column width=\u00bb2\/3&#8243;][vc_separator color=\u00bbwhite\u00bb]    <div class=\"heading clearfix  heading- \">\r\n        <div class=\"heading-inner\">\r\n            <h2>\u00bfD\u00f3nde se celebra el congreso?<\/h2>\r\n                            <small class=\"subheading\">13 junio 2019<\/small>\r\n                                        <div class=\"des\">El congreso se celebrar\u00e1 en:<\/p>\n<p><strong>CaixaForum Barcelona<br \/>\n<\/strong>C\/ Francesc Ferrer i Gu\u00e0rdia, 6-8.<br \/>\n08038 Barcelona<\/div>\r\n                    <\/div>\r\n    <\/div>\r\n    [\/vc_column][vc_column width=\u00bb1\/3&#8243;][vc_separator color=\u00bbwhite\u00bb][vc_separator color=\u00bbwhite\u00bb][vc_separator color=\u00bbwhite\u00bb][vc_separator color=\u00bbwhite\u00bb][vc_single_image image=\u00bb9600&#8243; img_size=\u00bblarge\u00bb alignment=\u00bbright\u00bb][\/vc_column][\/vc_row][vc_row][vc_column][vc_text_separator title=\u00bb\u00bfC\u00f3mo llegar?\u00bb i_icon_fontawesome=\u00bbfa fa-bus\u00bb title_align=\u00bbseparator_align_left\u00bb color=\u00bbcustom\u00bb border_width=\u00bb3&#8243; add_icon=\u00bbtrue\u00bb accent_color=\u00bb#349a5a\u00bb][\/vc_column][\/vc_row][vc_row][vc_column width=\u00bb2\/3&#8243;][vc_column_text]<strong>METRO<\/strong><br \/>\nL\u00edneas 1 y 3, con parada en Espanya<br \/>\n<strong>FGC<\/strong><br \/>\nL\u00edneas L8, S33, S4, S8, R5 y R6, con parada en Espanya<br \/>\n<strong>AUTOBUSES<\/strong><br \/>\nL\u00edneas 13 y 150, con parada delante de CaixaForum<br \/>\nL\u00edneas 9, 23, 27, 37, 46, 50, 65, 79, 91, 109 y 165, D20, D40, H12, H16, V7, L72, L80, L81, L86, L87, L95, con parada en pl. d\u2019Espanya<br \/>\n<strong>BICING<\/strong><br \/>\nGran Via \u2013 Pl. d\u2019Espanya (estaci\u00f3n n\u00ba 96)<br \/>\nRius i Taulet (estaci\u00f3n n\u00ba 237)<br \/>\n<strong>COCHE<br \/>\n<\/strong>BSM Aparcament Rius i Taulet. Horario: 24 horas. Tel.: 93 423 53 61[\/vc_column_text][\/vc_column][vc_column width=\u00bb1\/3&#8243;][\/vc_column][\/vc_row][vc_row][vc_column][vc_separator color=\u00bbwhite\u00bb][\/vc_column][\/vc_row][vc_row isfullwidth=\u00bb0&#8243;][vc_column][vc_gmaps link=\u00bb#E-8_JTNDaWZyYW1lJTIwc3JjJTNEJTIyaHR0cHMlM0ElMkYlMkZ3d3cuZ29vZ2xlLmNvbSUyRm1hcHMlMkZlbWJlZCUzRnBiJTNEJTIxMW0xOCUyMTFtMTIlMjExbTMlMjExZDI5OTQuMTI3ODAxOTU3MjAzMiUyMTJkMi4xNDczODYzMTU0MjUyOTMlMjEzZDQxLjM3MTMwNzk3OTI2NTU0JTIxMm0zJTIxMWYwJTIxMmYwJTIxM2YwJTIxM20yJTIxMWkxMDI0JTIxMmk3NjglMjE0ZjEzLjElMjEzbTMlMjExbTIlMjExczB4MTJhNGEyNzc1NjNhNTQyNSUyNTNBMHg4ZDA0MWZmM2FhYWU1ZTIxJTIxMnNDYWl4YUZvcnVtJTJCQmFyY2Vsb25hJTIxNWUwJTIxM20yJTIxMXNlcyUyMTJzZXMlMjE0djE1MjU5MzUwNTU3ODQlMjIlMjB3aWR0aCUzRCUyMjYwMCUyMiUyMGhlaWdodCUzRCUyMjQ1MCUyMiUyMGZyYW1lYm9yZGVyJTNEJTIyMCUyMiUyMHN0eWxlJTNEJTIyYm9yZGVyJTNBMCUyMiUyMGFsbG93ZnVsbHNjcmVlbiUzRSUzQyUyRmlmcmFtZSUzRQ==\u00bb][\/vc_column][\/vc_row]<\/p>\n<\/div>","protected":false},"excerpt":{"rendered":"<p>[vc_row][vc_column width=\u00bb2\/3&#8243;][vc_separator color=\u00bbwhite\u00bb][\/vc_column][vc_column width=\u00bb1\/3&#8243;][vc_separator color=\u00bbwhite\u00bb][vc_separator color=\u00bbwhite\u00bb][vc_separator color=\u00bbwhite\u00bb][vc_separator color=\u00bbwhite\u00bb][vc_single_image image=\u00bb9600&#8243; img_size=\u00bblarge\u00bb alignment=\u00bbright\u00bb][\/vc_column][\/vc_row][vc_row][vc_column][vc_text_separator title=\u00bb\u00bfC\u00f3mo llegar?\u00bb i_icon_fontawesome=\u00bbfa fa-bus\u00bb title_align=\u00bbseparator_align_left\u00bb color=\u00bbcustom\u00bb border_width=\u00bb3&#8243; add_icon=\u00bbtrue\u00bb accent_color=\u00bb#349a5a\u00bb][\/vc_column][\/vc_row][vc_row][vc_column width=\u00bb2\/3&#8243;][vc_column_text]METRO L\u00edneas 1 y 3, con parada en Espanya FGC L\u00edneas L8, S33, S4, S8, R5 y R6, con parada en Espanya AUTOBUSES L\u00edneas 13 y 150, con parada delante de CaixaForum L\u00edneas 9, 23, &hellip; <a href=\"https:\/\/tech4goodcongress.com\/es\/donde\/\" class=\"more-link\">Continue reading <span class=\"meta-nav\">&rarr;<\/span><span class=\"screen-reader-text\">D\u00f3nde<\/span> <\/a><\/p>\n","protected":false},"author":8,"featured_media":0,"parent":0,"menu_order":0,"comment_status":"closed","ping_status":"closed","template":"","meta":{"footnotes":""},"class_list":["post-9617","page","type-page","status-publish","hentry"],"yoast_head":"<!-- This site is optimized with the Yoast SEO plugin v27.4 - https:\/\/yoast.com\/product\/yoast-seo-wordpress\/ -->\n<title>D\u00f3nde - tech4goodcongress<\/title>\n<meta name=\"robots\" content=\"index, follow, max-snippet:-1, max-image-preview:large, max-video-preview:-1\" \/>\n<link rel=\"canonical\" href=\"https:\/\/tech4goodcongress.com\/es\/donde\/\" \/>\n<meta property=\"og:locale\" content=\"es_ES\" \/>\n<meta property=\"og:type\" content=\"article\" \/>\n<meta property=\"og:title\" content=\"D\u00f3nde - tech4goodcongress\" \/>\n<meta property=\"og:description\" content=\"[vc_row][vc_column width=\u00bb2\/3&#8243;][vc_separator color=\u00bbwhite\u00bb][\/vc_column][vc_column width=\u00bb1\/3&#8243;][vc_separator color=\u00bbwhite\u00bb][vc_separator color=\u00bbwhite\u00bb][vc_separator color=\u00bbwhite\u00bb][vc_separator color=\u00bbwhite\u00bb][vc_single_image image=\u00bb9600&#8243; img_size=\u00bblarge\u00bb alignment=\u00bbright\u00bb][\/vc_column][\/vc_row][vc_row][vc_column][vc_text_separator title=\u00bb\u00bfC\u00f3mo llegar?\u00bb i_icon_fontawesome=\u00bbfa fa-bus\u00bb title_align=\u00bbseparator_align_left\u00bb color=\u00bbcustom\u00bb border_width=\u00bb3&#8243; add_icon=\u00bbtrue\u00bb accent_color=\u00bb#349a5a\u00bb][\/vc_column][\/vc_row][vc_row][vc_column width=\u00bb2\/3&#8243;][vc_column_text]METRO L\u00edneas 1 y 3, con parada en Espanya FGC L\u00edneas L8, S33, S4, S8, R5 y R6, con parada en Espanya AUTOBUSES L\u00edneas 13 y 150, con parada delante de CaixaForum L\u00edneas 9, 23, &hellip; Continue reading &rarr;D\u00f3nde\" \/>\n<meta property=\"og:url\" content=\"https:\/\/tech4goodcongress.com\/es\/donde\/\" \/>\n<meta property=\"og:site_name\" content=\"tech4goodcongress\" \/>\n<meta property=\"article:modified_time\" content=\"2025-06-19T11:51:00+00:00\" \/>\n<meta name=\"twitter:card\" content=\"summary_large_image\" \/>\n<meta name=\"twitter:label1\" content=\"Tiempo de lectura\" \/>\n\t<meta name=\"twitter:data1\" content=\"1 minuto\" \/>\n<script type=\"application\/ld+json\" class=\"yoast-schema-graph\">{\"@context\":\"https:\\\/\\\/schema.org\",\"@graph\":[{\"@type\":\"WebPage\",\"@id\":\"https:\\\/\\\/tech4goodcongress.com\\\/es\\\/donde\\\/\",\"url\":\"https:\\\/\\\/tech4goodcongress.com\\\/es\\\/donde\\\/\",\"name\":\"D\u00f3nde - tech4goodcongress\",\"isPartOf\":{\"@id\":\"https:\\\/\\\/tech4goodcongress.com\\\/#website\"},\"datePublished\":\"2018-05-08T12:51:06+00:00\",\"dateModified\":\"2025-06-19T11:51:00+00:00\",\"breadcrumb\":{\"@id\":\"https:\\\/\\\/tech4goodcongress.com\\\/es\\\/donde\\\/#breadcrumb\"},\"inLanguage\":\"es\",\"potentialAction\":[{\"@type\":\"ReadAction\",\"target\":[\"https:\\\/\\\/tech4goodcongress.com\\\/es\\\/donde\\\/\"]}]},{\"@type\":\"BreadcrumbList\",\"@id\":\"https:\\\/\\\/tech4goodcongress.com\\\/es\\\/donde\\\/#breadcrumb\",\"itemListElement\":[{\"@type\":\"ListItem\",\"position\":1,\"name\":\"Inici\",\"item\":\"https:\\\/\\\/tech4goodcongress.com\\\/es\\\/home\\\/\"},{\"@type\":\"ListItem\",\"position\":2,\"name\":\"D\u00f3nde\"}]},{\"@type\":\"WebSite\",\"@id\":\"https:\\\/\\\/tech4goodcongress.com\\\/#website\",\"url\":\"https:\\\/\\\/tech4goodcongress.com\\\/\",\"name\":\"tech4goodcongress\",\"description\":\"tech4goodcongress\",\"potentialAction\":[{\"@type\":\"SearchAction\",\"target\":{\"@type\":\"EntryPoint\",\"urlTemplate\":\"https:\\\/\\\/tech4goodcongress.com\\\/?s={search_term_string}\"},\"query-input\":{\"@type\":\"PropertyValueSpecification\",\"valueRequired\":true,\"valueName\":\"search_term_string\"}}],\"inLanguage\":\"es\"}]}<\/script>\n<!-- \/ Yoast SEO plugin. -->","yoast_head_json":{"title":"D\u00f3nde - tech4goodcongress","robots":{"index":"index","follow":"follow","max-snippet":"max-snippet:-1","max-image-preview":"max-image-preview:large","max-video-preview":"max-video-preview:-1"},"canonical":"https:\/\/tech4goodcongress.com\/es\/donde\/","og_locale":"es_ES","og_type":"article","og_title":"D\u00f3nde - tech4goodcongress","og_description":"[vc_row][vc_column width=\u00bb2\/3&#8243;][vc_separator color=\u00bbwhite\u00bb][\/vc_column][vc_column width=\u00bb1\/3&#8243;][vc_separator color=\u00bbwhite\u00bb][vc_separator color=\u00bbwhite\u00bb][vc_separator color=\u00bbwhite\u00bb][vc_separator color=\u00bbwhite\u00bb][vc_single_image image=\u00bb9600&#8243; img_size=\u00bblarge\u00bb alignment=\u00bbright\u00bb][\/vc_column][\/vc_row][vc_row][vc_column][vc_text_separator title=\u00bb\u00bfC\u00f3mo llegar?\u00bb i_icon_fontawesome=\u00bbfa fa-bus\u00bb title_align=\u00bbseparator_align_left\u00bb color=\u00bbcustom\u00bb border_width=\u00bb3&#8243; add_icon=\u00bbtrue\u00bb accent_color=\u00bb#349a5a\u00bb][\/vc_column][\/vc_row][vc_row][vc_column width=\u00bb2\/3&#8243;][vc_column_text]METRO L\u00edneas 1 y 3, con parada en Espanya FGC L\u00edneas L8, S33, S4, S8, R5 y R6, con parada en Espanya AUTOBUSES L\u00edneas 13 y 150, con parada delante de CaixaForum L\u00edneas 9, 23, &hellip; Continue reading &rarr;D\u00f3nde","og_url":"https:\/\/tech4goodcongress.com\/es\/donde\/","og_site_name":"tech4goodcongress","article_modified_time":"2025-06-19T11:51:00+00:00","twitter_card":"summary_large_image","twitter_misc":{"Tiempo de lectura":"1 minuto"},"schema":{"@context":"https:\/\/schema.org","@graph":[{"@type":"WebPage","@id":"https:\/\/tech4goodcongress.com\/es\/donde\/","url":"https:\/\/tech4goodcongress.com\/es\/donde\/","name":"D\u00f3nde - tech4goodcongress","isPartOf":{"@id":"https:\/\/tech4goodcongress.com\/#website"},"datePublished":"2018-05-08T12:51:06+00:00","dateModified":"2025-06-19T11:51:00+00:00","breadcrumb":{"@id":"https:\/\/tech4goodcongress.com\/es\/donde\/#breadcrumb"},"inLanguage":"es","potentialAction":[{"@type":"ReadAction","target":["https:\/\/tech4goodcongress.com\/es\/donde\/"]}]},{"@type":"BreadcrumbList","@id":"https:\/\/tech4goodcongress.com\/es\/donde\/#breadcrumb","itemListElement":[{"@type":"ListItem","position":1,"name":"Inici","item":"https:\/\/tech4goodcongress.com\/es\/home\/"},{"@type":"ListItem","position":2,"name":"D\u00f3nde"}]},{"@type":"WebSite","@id":"https:\/\/tech4goodcongress.com\/#website","url":"https:\/\/tech4goodcongress.com\/","name":"tech4goodcongress","description":"tech4goodcongress","potentialAction":[{"@type":"SearchAction","target":{"@type":"EntryPoint","urlTemplate":"https:\/\/tech4goodcongress.com\/?s={search_term_string}"},"query-input":{"@type":"PropertyValueSpecification","valueRequired":true,"valueName":"search_term_string"}}],"inLanguage":"es"}]}},"_links":{"self":[{"href":"https:\/\/tech4goodcongress.com\/es\/wp-json\/wp\/v2\/pages\/9617","targetHints":{"allow":["GET"]}}],"collection":[{"href":"https:\/\/tech4goodcongress.com\/es\/wp-json\/wp\/v2\/pages"}],"about":[{"href":"https:\/\/tech4goodcongress.com\/es\/wp-json\/wp\/v2\/types\/page"}],"author":[{"embeddable":true,"href":"https:\/\/tech4goodcongress.com\/es\/wp-json\/wp\/v2\/users\/8"}],"replies":[{"embeddable":true,"href":"https:\/\/tech4goodcongress.com\/es\/wp-json\/wp\/v2\/comments?post=9617"}],"version-history":[{"count":0,"href":"https:\/\/tech4goodcongress.com\/es\/wp-json\/wp\/v2\/pages\/9617\/revisions"}],"wp:attachment":[{"href":"https:\/\/tech4goodcongress.com\/es\/wp-json\/wp\/v2\/media?parent=9617"}],"curies":[{"name":"wp","href":"https:\/\/api.w.org\/{rel}","templated":true}]}}