{"id":12135,"date":"2019-05-07T14:44:25","date_gmt":"2019-05-07T14:44:25","guid":{"rendered":"https:\/\/tech4goodcongress.com\/patrocinador\/"},"modified":"2025-06-19T11:51:03","modified_gmt":"2025-06-19T11:51:03","slug":"patrocinador","status":"publish","type":"page","link":"https:\/\/tech4goodcongress.com\/es\/patrocinador\/","title":{"rendered":"PATROCINADOR"},"content":{"rendered":"<div class=\"wpb-content-wrapper\"><p>[vc_row][vc_column]    <div class=\"heading clearfix  heading- \">\r\n        <div class=\"heading-inner\">\r\n            <h2>Patrocinador: GRIFOLS<\/h2>\r\n                                <\/div>\r\n    <\/div>\r\n    [\/vc_column][\/vc_row][vc_row][vc_column width=\u00bb1\/3&#8243;][vc_single_image image=\u00bb12172&#8243; img_size=\u00bbmedium\u00bb onclick=\u00bbcustom_link\u00bb img_link_target=\u00bb_blank\u00bb link=\u00bbhttps:\/\/www.grifols.com\/es\/home\u00bb][\/vc_column][vc_column width=\u00bb2\/3&#8243;][vc_separator color=\u00bbwhite\u00bb][vc_column_text][\/vc_column_text][\/vc_column][\/vc_row][vc_row][vc_column]    <div class=\"heading clearfix  heading- \">\r\n        <div class=\"heading-inner\">\r\n            <h2>Con el apoyo de:<\/h2>\r\n                                <\/div>\r\n    <\/div>\r\n    [\/vc_column][\/vc_row][vc_row][vc_column width=\u00bb1\/4&#8243;][vc_single_image image=\u00bb12168&#8243; img_size=\u00bbmedium\u00bb onclick=\u00bbcustom_link\u00bb img_link_target=\u00bb_blank\u00bb link=\u00bbhttp:\/\/agricultura.gencat.cat\/es\/inici\/index.html\u00bb][\/vc_column][vc_column width=\u00bb1\/4&#8243;][vc_single_image image=\u00bb12170&#8243; img_size=\u00bbmedium\u00bb onclick=\u00bbcustom_link\u00bb img_link_target=\u00bb_blank\u00bb link=\u00bbhttp:\/\/agricultura.gencat.cat\/es\/inici\/index.html\u00bb][\/vc_column][vc_column width=\u00bb1\/4&#8243;][\/vc_column][vc_column width=\u00bb1\/4&#8243;][\/vc_column][\/vc_row][vc_row][vc_column]    <div class=\"heading clearfix  heading-v2 \">\r\n        <div class=\"heading-inner\">\r\n            <h2>\u00bfQuieres patrocinar el congreso?<\/h2>\r\n                                        <div class=\"des\"><\/p>\n<div style=\"text-align: justify\">Para formar parte de los <strong>patrocinadores del Tech4Good Congres<\/strong>s contacta con:\u00a0<strong>gemma.lopez [at] eurecat.org<\/strong><\/div>\n<p><span style=\"text-align: justify\">Eurecat Events ofrece la experiencia innovadora y tecnol\u00f3gica del centro tecnol\u00f3gico Eurecat con <\/span><strong style=\"text-align: justify\">m\u00e1s de 15 a\u00f1os en el \u00e1mbito de la promoci\u00f3n y difusi\u00f3n<\/strong><span style=\"text-align: justify\">.<\/span><\/p>\n<p><strong style=\"text-align: justify\">Cada uno de nuestros eventos es una oportunidad<\/strong><span style=\"text-align: justify\"> para que pod\u00e1is <\/span><strong style=\"text-align: justify\">aprender, conocer, inspiraros<\/strong><span style=\"text-align: justify\"> y sobre todo <\/span><strong style=\"text-align: justify\">ayudarle en el posicionamiento e imagen de su empresa.<\/strong><\/p>\n<div style=\"text-align: justify\">\n<p>Contribuimos a ofrecer un amplio conocimiento y las tendencias m\u00e1s innovadoras relacionadas con las tecnolog\u00edas de la informaci\u00f3n y la comunicaci\u00f3n, aplicadas a diferentes sectores empresariales y \u00e1mbitos sociales.<\/p>\n<\/div>\n<p><\/div>\r\n                    <\/div>\r\n    <\/div>\r\n    [\/vc_column][\/vc_row]<\/p>\n<\/div>","protected":false},"excerpt":{"rendered":"<p>[vc_row][vc_column][\/vc_column][\/vc_row][vc_row][vc_column width=\u00bb1\/3&#8243;][vc_single_image image=\u00bb12172&#8243; img_size=\u00bbmedium\u00bb onclick=\u00bbcustom_link\u00bb img_link_target=\u00bb_blank\u00bb link=\u00bbhttps:\/\/www.grifols.com\/es\/home\u00bb][\/vc_column][vc_column width=\u00bb2\/3&#8243;][vc_separator color=\u00bbwhite\u00bb][vc_column_text][\/vc_column_text][\/vc_column][\/vc_row][vc_row][vc_column][\/vc_column][\/vc_row][vc_row][vc_column width=\u00bb1\/4&#8243;][vc_single_image image=\u00bb12168&#8243; img_size=\u00bbmedium\u00bb onclick=\u00bbcustom_link\u00bb img_link_target=\u00bb_blank\u00bb link=\u00bbhttp:\/\/agricultura.gencat.cat\/es\/inici\/index.html\u00bb][\/vc_column][vc_column width=\u00bb1\/4&#8243;][vc_single_image image=\u00bb12170&#8243; img_size=\u00bbmedium\u00bb onclick=\u00bbcustom_link\u00bb img_link_target=\u00bb_blank\u00bb link=\u00bbhttp:\/\/agricultura.gencat.cat\/es\/inici\/index.html\u00bb][\/vc_column][vc_column width=\u00bb1\/4&#8243;][\/vc_column][vc_column width=\u00bb1\/4&#8243;][\/vc_column][\/vc_row][vc_row][vc_column][\/vc_column][\/vc_row]<\/p>\n","protected":false},"author":8,"featured_media":0,"parent":0,"menu_order":0,"comment_status":"closed","ping_status":"closed","template":"","meta":{"footnotes":""},"class_list":["post-12135","page","type-page","status-publish","hentry"],"yoast_head":"<!-- This site is optimized with the Yoast SEO plugin v27.4 - https:\/\/yoast.com\/product\/yoast-seo-wordpress\/ -->\n<title>PATROCINADOR - tech4goodcongress<\/title>\n<meta name=\"robots\" content=\"index, follow, max-snippet:-1, max-image-preview:large, max-video-preview:-1\" \/>\n<link rel=\"canonical\" href=\"https:\/\/tech4goodcongress.com\/es\/patrocinador\/\" \/>\n<meta property=\"og:locale\" content=\"es_ES\" \/>\n<meta property=\"og:type\" content=\"article\" \/>\n<meta property=\"og:title\" content=\"PATROCINADOR - tech4goodcongress\" \/>\n<meta property=\"og:description\" content=\"[vc_row][vc_column][\/vc_column][\/vc_row][vc_row][vc_column width=\u00bb1\/3&#8243;][vc_single_image image=\u00bb12172&#8243; img_size=\u00bbmedium\u00bb onclick=\u00bbcustom_link\u00bb img_link_target=\u00bb_blank\u00bb link=\u00bbhttps:\/\/www.grifols.com\/es\/home\u00bb][\/vc_column][vc_column width=\u00bb2\/3&#8243;][vc_separator color=\u00bbwhite\u00bb][vc_column_text][\/vc_column_text][\/vc_column][\/vc_row][vc_row][vc_column][\/vc_column][\/vc_row][vc_row][vc_column width=\u00bb1\/4&#8243;][vc_single_image image=\u00bb12168&#8243; img_size=\u00bbmedium\u00bb onclick=\u00bbcustom_link\u00bb img_link_target=\u00bb_blank\u00bb link=\u00bbhttp:\/\/agricultura.gencat.cat\/es\/inici\/index.html\u00bb][\/vc_column][vc_column width=\u00bb1\/4&#8243;][vc_single_image image=\u00bb12170&#8243; img_size=\u00bbmedium\u00bb onclick=\u00bbcustom_link\u00bb img_link_target=\u00bb_blank\u00bb link=\u00bbhttp:\/\/agricultura.gencat.cat\/es\/inici\/index.html\u00bb][\/vc_column][vc_column width=\u00bb1\/4&#8243;][\/vc_column][vc_column width=\u00bb1\/4&#8243;][\/vc_column][\/vc_row][vc_row][vc_column][\/vc_column][\/vc_row]\" \/>\n<meta property=\"og:url\" content=\"https:\/\/tech4goodcongress.com\/es\/patrocinador\/\" \/>\n<meta property=\"og:site_name\" content=\"tech4goodcongress\" \/>\n<meta property=\"article:modified_time\" content=\"2025-06-19T11:51:03+00:00\" \/>\n<meta name=\"twitter:card\" content=\"summary_large_image\" \/>\n<meta name=\"twitter:label1\" content=\"Tiempo de lectura\" \/>\n\t<meta name=\"twitter:data1\" content=\"1 minuto\" \/>\n<script type=\"application\/ld+json\" class=\"yoast-schema-graph\">{\"@context\":\"https:\\\/\\\/schema.org\",\"@graph\":[{\"@type\":\"WebPage\",\"@id\":\"https:\\\/\\\/tech4goodcongress.com\\\/es\\\/patrocinador\\\/\",\"url\":\"https:\\\/\\\/tech4goodcongress.com\\\/es\\\/patrocinador\\\/\",\"name\":\"PATROCINADOR - tech4goodcongress\",\"isPartOf\":{\"@id\":\"https:\\\/\\\/tech4goodcongress.com\\\/#website\"},\"datePublished\":\"2019-05-07T14:44:25+00:00\",\"dateModified\":\"2025-06-19T11:51:03+00:00\",\"breadcrumb\":{\"@id\":\"https:\\\/\\\/tech4goodcongress.com\\\/es\\\/patrocinador\\\/#breadcrumb\"},\"inLanguage\":\"es\",\"potentialAction\":[{\"@type\":\"ReadAction\",\"target\":[\"https:\\\/\\\/tech4goodcongress.com\\\/es\\\/patrocinador\\\/\"]}]},{\"@type\":\"BreadcrumbList\",\"@id\":\"https:\\\/\\\/tech4goodcongress.com\\\/es\\\/patrocinador\\\/#breadcrumb\",\"itemListElement\":[{\"@type\":\"ListItem\",\"position\":1,\"name\":\"Inici\",\"item\":\"https:\\\/\\\/tech4goodcongress.com\\\/es\\\/home\\\/\"},{\"@type\":\"ListItem\",\"position\":2,\"name\":\"PATROCINADOR\"}]},{\"@type\":\"WebSite\",\"@id\":\"https:\\\/\\\/tech4goodcongress.com\\\/#website\",\"url\":\"https:\\\/\\\/tech4goodcongress.com\\\/\",\"name\":\"tech4goodcongress\",\"description\":\"tech4goodcongress\",\"potentialAction\":[{\"@type\":\"SearchAction\",\"target\":{\"@type\":\"EntryPoint\",\"urlTemplate\":\"https:\\\/\\\/tech4goodcongress.com\\\/?s={search_term_string}\"},\"query-input\":{\"@type\":\"PropertyValueSpecification\",\"valueRequired\":true,\"valueName\":\"search_term_string\"}}],\"inLanguage\":\"es\"}]}<\/script>\n<!-- \/ Yoast SEO plugin. -->","yoast_head_json":{"title":"PATROCINADOR - tech4goodcongress","robots":{"index":"index","follow":"follow","max-snippet":"max-snippet:-1","max-image-preview":"max-image-preview:large","max-video-preview":"max-video-preview:-1"},"canonical":"https:\/\/tech4goodcongress.com\/es\/patrocinador\/","og_locale":"es_ES","og_type":"article","og_title":"PATROCINADOR - tech4goodcongress","og_description":"[vc_row][vc_column][\/vc_column][\/vc_row][vc_row][vc_column width=\u00bb1\/3&#8243;][vc_single_image image=\u00bb12172&#8243; img_size=\u00bbmedium\u00bb onclick=\u00bbcustom_link\u00bb img_link_target=\u00bb_blank\u00bb link=\u00bbhttps:\/\/www.grifols.com\/es\/home\u00bb][\/vc_column][vc_column width=\u00bb2\/3&#8243;][vc_separator color=\u00bbwhite\u00bb][vc_column_text][\/vc_column_text][\/vc_column][\/vc_row][vc_row][vc_column][\/vc_column][\/vc_row][vc_row][vc_column width=\u00bb1\/4&#8243;][vc_single_image image=\u00bb12168&#8243; img_size=\u00bbmedium\u00bb onclick=\u00bbcustom_link\u00bb img_link_target=\u00bb_blank\u00bb link=\u00bbhttp:\/\/agricultura.gencat.cat\/es\/inici\/index.html\u00bb][\/vc_column][vc_column width=\u00bb1\/4&#8243;][vc_single_image image=\u00bb12170&#8243; img_size=\u00bbmedium\u00bb onclick=\u00bbcustom_link\u00bb img_link_target=\u00bb_blank\u00bb link=\u00bbhttp:\/\/agricultura.gencat.cat\/es\/inici\/index.html\u00bb][\/vc_column][vc_column width=\u00bb1\/4&#8243;][\/vc_column][vc_column width=\u00bb1\/4&#8243;][\/vc_column][\/vc_row][vc_row][vc_column][\/vc_column][\/vc_row]","og_url":"https:\/\/tech4goodcongress.com\/es\/patrocinador\/","og_site_name":"tech4goodcongress","article_modified_time":"2025-06-19T11:51:03+00:00","twitter_card":"summary_large_image","twitter_misc":{"Tiempo de lectura":"1 minuto"},"schema":{"@context":"https:\/\/schema.org","@graph":[{"@type":"WebPage","@id":"https:\/\/tech4goodcongress.com\/es\/patrocinador\/","url":"https:\/\/tech4goodcongress.com\/es\/patrocinador\/","name":"PATROCINADOR - tech4goodcongress","isPartOf":{"@id":"https:\/\/tech4goodcongress.com\/#website"},"datePublished":"2019-05-07T14:44:25+00:00","dateModified":"2025-06-19T11:51:03+00:00","breadcrumb":{"@id":"https:\/\/tech4goodcongress.com\/es\/patrocinador\/#breadcrumb"},"inLanguage":"es","potentialAction":[{"@type":"ReadAction","target":["https:\/\/tech4goodcongress.com\/es\/patrocinador\/"]}]},{"@type":"BreadcrumbList","@id":"https:\/\/tech4goodcongress.com\/es\/patrocinador\/#breadcrumb","itemListElement":[{"@type":"ListItem","position":1,"name":"Inici","item":"https:\/\/tech4goodcongress.com\/es\/home\/"},{"@type":"ListItem","position":2,"name":"PATROCINADOR"}]},{"@type":"WebSite","@id":"https:\/\/tech4goodcongress.com\/#website","url":"https:\/\/tech4goodcongress.com\/","name":"tech4goodcongress","description":"tech4goodcongress","potentialAction":[{"@type":"SearchAction","target":{"@type":"EntryPoint","urlTemplate":"https:\/\/tech4goodcongress.com\/?s={search_term_string}"},"query-input":{"@type":"PropertyValueSpecification","valueRequired":true,"valueName":"search_term_string"}}],"inLanguage":"es"}]}},"_links":{"self":[{"href":"https:\/\/tech4goodcongress.com\/es\/wp-json\/wp\/v2\/pages\/12135","targetHints":{"allow":["GET"]}}],"collection":[{"href":"https:\/\/tech4goodcongress.com\/es\/wp-json\/wp\/v2\/pages"}],"about":[{"href":"https:\/\/tech4goodcongress.com\/es\/wp-json\/wp\/v2\/types\/page"}],"author":[{"embeddable":true,"href":"https:\/\/tech4goodcongress.com\/es\/wp-json\/wp\/v2\/users\/8"}],"replies":[{"embeddable":true,"href":"https:\/\/tech4goodcongress.com\/es\/wp-json\/wp\/v2\/comments?post=12135"}],"version-history":[{"count":0,"href":"https:\/\/tech4goodcongress.com\/es\/wp-json\/wp\/v2\/pages\/12135\/revisions"}],"wp:attachment":[{"href":"https:\/\/tech4goodcongress.com\/es\/wp-json\/wp\/v2\/media?parent=12135"}],"curies":[{"name":"wp","href":"https:\/\/api.w.org\/{rel}","templated":true}]}}