{"id":11317,"date":"2019-01-08T15:02:10","date_gmt":"2019-01-08T15:02:10","guid":{"rendered":"https:\/\/tech4goodcongress.com\/?page_id=11317"},"modified":"2025-06-19T11:50:52","modified_gmt":"2025-06-19T11:50:52","slug":"politica-de-privacidad","status":"publish","type":"page","link":"https:\/\/tech4goodcongress.com\/es\/politica-de-privacidad\/","title":{"rendered":"Pol\u00edtica de privacidad"},"content":{"rendered":"<div class=\"wpb-content-wrapper\"><p>[vc_row][vc_column width=\u00bb5\/6&#8243;]    <div class=\"heading clearfix  heading- \">\r\n        <div class=\"heading-inner\">\r\n            <h2>POL\u00cdTICA DE PRIVACIDAD<\/h2>\r\n                                        <div class=\"des\"><strong>\u00bfQui\u00e9n es el Responsable del Tratamiento de sus datos personales?<\/strong><\/p>\n<p><strong>Responsable del Tratamiento: <\/strong>FUNDACI\u00d3 EURECAT (\u201c<strong>EURECAT<\/strong>\u201d)<\/p>\n<p><strong>C.I.F :<\/strong> <strong>\u00a0<\/strong>G66210345<\/p>\n<p><strong>Direcci\u00f3n<\/strong>: Parc Tecnol\u00f2gic del Vall\u00e8s. Avinguda Universitat Aut\u00f2noma, 23 08290 Cerdanyola del Vall\u00e8s<\/p>\n<p><strong>Correo electr\u00f3nico<\/strong>: <strong>legal@<\/strong>eurecat.org<\/p>\n<p><strong>Tel\u00e8fon<\/strong>: +34 93 238 14 00<\/p>\n<p>Contacto del Delegado de Protecci\u00f3n de Datos: dpo@eurecat.org<\/p>\n<p><strong>\u00bfCon qu\u00e9 finalidad tratamos sus datos personales?<\/strong><\/p>\n<p>Los datos proporcionados en el formulario de inscripci\u00f3n se usar\u00e1n \u00fanica y exclusivamente para gestionar su participaci\u00f3n en esta actividad y mantenerlo informado sobre la actualidad y los servicios de EURECAT, en caso de autorizaci\u00f3n expresa para esta \u00faltima finalidad.<\/p>\n<p><strong>\u00bfEs obligatorio proporcionar toda la informaci\u00f3n solicitada en el formulario de inscripci\u00f3n?<\/strong><\/p>\n<p>En relaci\u00f3n al formulario de inscripci\u00f3n, el Usuario ha de cumplimentar los campos marcados como \u00abobligatorios\u00bb. No completar los datos personales requeridos o hacerlo parcialmente puede suponer que Fundaci\u00f3 Eurecat no pueda atender sus solicitudes y, en consecuencia, Fundaci\u00f3 Eurecat quedar\u00e1 exonerada de toda responsabilidad por la no prestaci\u00f3n o la prestaci\u00f3n incompleta de los servicios solicitados.<\/p>\n<p>Los datos personales que el Usuario facilita a Fundaci\u00f3 Eurecat tienen que ser actuales para que la informaci\u00f3n de los registros est\u00e9 actualizada y sin errores. El Usuario responder\u00e1 de la veracidad de los datos facilitados.<\/p>\n<p><strong>\u00bfCu\u00e1nto tiempo conservaremos sus datos personales?<\/strong><\/p>\n<p>Los datos personales se conservar\u00e1n mientras dure la finalidad para la que fueron prestados y no se solicite su supresi\u00f3n o revocaci\u00f3n.<\/p>\n<p><strong>\u00bfCu\u00e1l es la legitimaci\u00f3n por el tratamiento de sus datos personales?<\/strong><\/p>\n<p>La base legal para el tratamiento de datos es el consentimiento prestado mediante la aceptaci\u00f3n de la cl\u00e1usula de tratamiento de datos.<\/p>\n<p><strong>\u00bfA qu\u00e9 destinatarios se comunicar\u00e1n sus datos?<\/strong><\/p>\n<p>No se ceder\u00e1n datos a terceras empresas, excepto obligaci\u00f3n legal. En caso de tener intenci\u00f3n de hacerlo se recabar\u00eda primero la autorizaci\u00f3n de las personas afectadas.<\/p>\n<p><strong>\u00a0<\/strong><strong>\u00bfCu\u00e1les son sus derechos en relaci\u00f3n con sus datos personales?<\/strong><\/p>\n<p>El usuario puede ejercer el derecho de acceso a sus datos personales, as\u00ed como solicitar la rectificaci\u00f3n de los datos inexactos o, si procede, solicitar su supresi\u00f3n cuando los datos ya no sean necesarias para las finalidades que fueron recogidas. Tambi\u00e9n podr\u00e1 solicitar la limitaci\u00f3n, portabilidad y oposici\u00f3n del tratamiento de sus datos, en determinadas circunstancias y por motivos relacionados con su situaci\u00f3n particular.<\/p>\n<p>Igualmente, tiene derecho a revocar su consentimiento en cualquier momento sin que esto afecte de manera retroactiva al tratamiento de datos personales realizado hasta el momento.<\/p>\n<p>El usuario podr\u00e1 ejercitar los derechos referidos anteriormente, en los t\u00e9rminos y condiciones previstos en la legislaci\u00f3n vigente, en el domicilio social de EURECAT o solicitarlo mediante el env\u00edo de un correo electr\u00f3nico a <a href=\"mailto:legal@eurecat.org\">legal@eurecat.org<\/a><\/p>\n<p>En el supuesto de que no obtenga una respuesta satisfactoria y desee formular una reclamaci\u00f3n u obtener m\u00e1s informaci\u00f3n al respecto de cualquiera de estos derechos, puede acudir a la Agencia Espa\u00f1ola de Protecci\u00f3n de Datos (www.agpd.es &#8211; C\/ Jorge Juan, 6 de Madrid).<\/p>\n<p><strong>\u00bfQu\u00e9 medidas de seguridad tiene implantadas la entidad?<\/strong><\/p>\n<p>Fundaci\u00f3 Eurecat informa que tiene implantadas las medidas de seguridad de \u00edndole t\u00e9cnica y organizativas necesarias que garantizan la seguridad de los datos de car\u00e1cter personal del Usuario y evitan su alteraci\u00f3n, p\u00e9rdida, tratamiento y\/o acceso no autorizado de acuerdo con el estado de la tecnolog\u00eda, la naturaleza de los datos almacenados y los riesgos a los que est\u00e1n expuestos, tanto si provienen de la acci\u00f3n humana o del medio f\u00edsico o natural, en conformidad con lo que prev\u00e9 la normativa vigente.<\/p>\n<p><strong>Redes sociales<\/strong><\/p>\n<p>Fundaci\u00f3 Eurecat dispone de perfiles en diferentes redes sociales con el fin de publicar y difundir informaci\u00f3n sobre los servicios prestados a trav\u00e9s de la p\u00e1gina web, interactuar con los usuarios y servir de canal de atenci\u00f3n e interacci\u00f3n social.<\/p>\n<p>A continuaci\u00f3n, los enlazamos las pol\u00edticas de privacidad de las redes sociales en las cuales Fundaci\u00f3 Eurecat tiene perfil abierto:<\/p>\n<ul>\n<li>Facebook: <a href=\"https:\/\/ca-es.facebook.com\/privacy\/explanation\">https:\/\/ca-es.facebook.com\/privacy\/explanation<\/a><\/li>\n<li>Twitter: <a href=\"https:\/\/twitter.com\/es\/privacy\">https:\/\/twitter.com\/es\/privacy<\/a><\/li>\n<li>YouTube: <a href=\"https:\/\/www.youtube.com\/intl\/es\/yt\/about\/policies\/#community-guidelines\">https:\/\/www.youtube.com\/intl\/es\/yt\/about\/policies\/#community-guidelines<\/a><\/li>\n<li>LinkedIn: <a href=\"https:\/\/www.linkedin.com\/legal\/privacy-policy?_l=es_ES\">https:\/\/www.linkedin.com\/legal\/privacy-policy?_l=es_ES<\/a><\/li>\n<\/ul>\n<p><\/div>\r\n                    <\/div>\r\n    <\/div>\r\n    [\/vc_column][vc_column width=\u00bb1\/6&#8243;][\/vc_column][\/vc_row]<\/p>\n<\/div>","protected":false},"excerpt":{"rendered":"<p>[vc_row][vc_column width=\u00bb5\/6&#8243;][\/vc_column][vc_column width=\u00bb1\/6&#8243;][\/vc_column][\/vc_row]<\/p>\n","protected":false},"author":8,"featured_media":0,"parent":0,"menu_order":0,"comment_status":"closed","ping_status":"closed","template":"","meta":{"footnotes":""},"class_list":["post-11317","page","type-page","status-publish","hentry"],"yoast_head":"<!-- This site is optimized with the Yoast SEO plugin v27.4 - https:\/\/yoast.com\/product\/yoast-seo-wordpress\/ -->\n<title>Pol\u00edtica de privacidad - tech4goodcongress<\/title>\n<meta name=\"robots\" content=\"index, follow, max-snippet:-1, max-image-preview:large, max-video-preview:-1\" \/>\n<link rel=\"canonical\" href=\"https:\/\/tech4goodcongress.com\/es\/politica-de-privacidad\/\" \/>\n<meta property=\"og:locale\" content=\"es_ES\" \/>\n<meta property=\"og:type\" content=\"article\" \/>\n<meta property=\"og:title\" content=\"Pol\u00edtica de privacidad - tech4goodcongress\" \/>\n<meta property=\"og:description\" content=\"[vc_row][vc_column width=\u00bb5\/6&#8243;][\/vc_column][vc_column width=\u00bb1\/6&#8243;][\/vc_column][\/vc_row]\" \/>\n<meta property=\"og:url\" content=\"https:\/\/tech4goodcongress.com\/es\/politica-de-privacidad\/\" \/>\n<meta property=\"og:site_name\" content=\"tech4goodcongress\" \/>\n<meta property=\"article:modified_time\" content=\"2025-06-19T11:50:52+00:00\" \/>\n<meta name=\"twitter:card\" content=\"summary_large_image\" \/>\n<meta name=\"twitter:label1\" content=\"Tiempo de lectura\" \/>\n\t<meta name=\"twitter:data1\" content=\"4 minutos\" \/>\n<script type=\"application\/ld+json\" class=\"yoast-schema-graph\">{\"@context\":\"https:\\\/\\\/schema.org\",\"@graph\":[{\"@type\":\"WebPage\",\"@id\":\"https:\\\/\\\/tech4goodcongress.com\\\/es\\\/politica-de-privacidad\\\/\",\"url\":\"https:\\\/\\\/tech4goodcongress.com\\\/es\\\/politica-de-privacidad\\\/\",\"name\":\"Pol\u00edtica de privacidad - tech4goodcongress\",\"isPartOf\":{\"@id\":\"https:\\\/\\\/tech4goodcongress.com\\\/#website\"},\"datePublished\":\"2019-01-08T15:02:10+00:00\",\"dateModified\":\"2025-06-19T11:50:52+00:00\",\"breadcrumb\":{\"@id\":\"https:\\\/\\\/tech4goodcongress.com\\\/es\\\/politica-de-privacidad\\\/#breadcrumb\"},\"inLanguage\":\"es\",\"potentialAction\":[{\"@type\":\"ReadAction\",\"target\":[\"https:\\\/\\\/tech4goodcongress.com\\\/es\\\/politica-de-privacidad\\\/\"]}]},{\"@type\":\"BreadcrumbList\",\"@id\":\"https:\\\/\\\/tech4goodcongress.com\\\/es\\\/politica-de-privacidad\\\/#breadcrumb\",\"itemListElement\":[{\"@type\":\"ListItem\",\"position\":1,\"name\":\"Inici\",\"item\":\"https:\\\/\\\/tech4goodcongress.com\\\/es\\\/home\\\/\"},{\"@type\":\"ListItem\",\"position\":2,\"name\":\"Pol\u00edtica de privacidad\"}]},{\"@type\":\"WebSite\",\"@id\":\"https:\\\/\\\/tech4goodcongress.com\\\/#website\",\"url\":\"https:\\\/\\\/tech4goodcongress.com\\\/\",\"name\":\"tech4goodcongress\",\"description\":\"tech4goodcongress\",\"potentialAction\":[{\"@type\":\"SearchAction\",\"target\":{\"@type\":\"EntryPoint\",\"urlTemplate\":\"https:\\\/\\\/tech4goodcongress.com\\\/?s={search_term_string}\"},\"query-input\":{\"@type\":\"PropertyValueSpecification\",\"valueRequired\":true,\"valueName\":\"search_term_string\"}}],\"inLanguage\":\"es\"}]}<\/script>\n<!-- \/ Yoast SEO plugin. -->","yoast_head_json":{"title":"Pol\u00edtica de privacidad - tech4goodcongress","robots":{"index":"index","follow":"follow","max-snippet":"max-snippet:-1","max-image-preview":"max-image-preview:large","max-video-preview":"max-video-preview:-1"},"canonical":"https:\/\/tech4goodcongress.com\/es\/politica-de-privacidad\/","og_locale":"es_ES","og_type":"article","og_title":"Pol\u00edtica de privacidad - tech4goodcongress","og_description":"[vc_row][vc_column width=\u00bb5\/6&#8243;][\/vc_column][vc_column width=\u00bb1\/6&#8243;][\/vc_column][\/vc_row]","og_url":"https:\/\/tech4goodcongress.com\/es\/politica-de-privacidad\/","og_site_name":"tech4goodcongress","article_modified_time":"2025-06-19T11:50:52+00:00","twitter_card":"summary_large_image","twitter_misc":{"Tiempo de lectura":"4 minutos"},"schema":{"@context":"https:\/\/schema.org","@graph":[{"@type":"WebPage","@id":"https:\/\/tech4goodcongress.com\/es\/politica-de-privacidad\/","url":"https:\/\/tech4goodcongress.com\/es\/politica-de-privacidad\/","name":"Pol\u00edtica de privacidad - tech4goodcongress","isPartOf":{"@id":"https:\/\/tech4goodcongress.com\/#website"},"datePublished":"2019-01-08T15:02:10+00:00","dateModified":"2025-06-19T11:50:52+00:00","breadcrumb":{"@id":"https:\/\/tech4goodcongress.com\/es\/politica-de-privacidad\/#breadcrumb"},"inLanguage":"es","potentialAction":[{"@type":"ReadAction","target":["https:\/\/tech4goodcongress.com\/es\/politica-de-privacidad\/"]}]},{"@type":"BreadcrumbList","@id":"https:\/\/tech4goodcongress.com\/es\/politica-de-privacidad\/#breadcrumb","itemListElement":[{"@type":"ListItem","position":1,"name":"Inici","item":"https:\/\/tech4goodcongress.com\/es\/home\/"},{"@type":"ListItem","position":2,"name":"Pol\u00edtica de privacidad"}]},{"@type":"WebSite","@id":"https:\/\/tech4goodcongress.com\/#website","url":"https:\/\/tech4goodcongress.com\/","name":"tech4goodcongress","description":"tech4goodcongress","potentialAction":[{"@type":"SearchAction","target":{"@type":"EntryPoint","urlTemplate":"https:\/\/tech4goodcongress.com\/?s={search_term_string}"},"query-input":{"@type":"PropertyValueSpecification","valueRequired":true,"valueName":"search_term_string"}}],"inLanguage":"es"}]}},"_links":{"self":[{"href":"https:\/\/tech4goodcongress.com\/es\/wp-json\/wp\/v2\/pages\/11317","targetHints":{"allow":["GET"]}}],"collection":[{"href":"https:\/\/tech4goodcongress.com\/es\/wp-json\/wp\/v2\/pages"}],"about":[{"href":"https:\/\/tech4goodcongress.com\/es\/wp-json\/wp\/v2\/types\/page"}],"author":[{"embeddable":true,"href":"https:\/\/tech4goodcongress.com\/es\/wp-json\/wp\/v2\/users\/8"}],"replies":[{"embeddable":true,"href":"https:\/\/tech4goodcongress.com\/es\/wp-json\/wp\/v2\/comments?post=11317"}],"version-history":[{"count":0,"href":"https:\/\/tech4goodcongress.com\/es\/wp-json\/wp\/v2\/pages\/11317\/revisions"}],"wp:attachment":[{"href":"https:\/\/tech4goodcongress.com\/es\/wp-json\/wp\/v2\/media?parent=11317"}],"curies":[{"name":"wp","href":"https:\/\/api.w.org\/{rel}","templated":true}]}}