{"id":11238,"date":"2018-06-18T09:04:24","date_gmt":"2018-06-18T09:04:24","guid":{"rendered":"https:\/\/tech4goodcongress.com\/continguts-2018\/"},"modified":"2025-06-19T11:50:59","modified_gmt":"2025-06-19T11:50:59","slug":"continguts-2018","status":"publish","type":"page","link":"https:\/\/tech4goodcongress.com\/es\/continguts-2018\/","title":{"rendered":"Contenidos 2018"},"content":{"rendered":"<div class=\"wpb-content-wrapper\"><p>[vc_row][vc_column][vc_hoverbox image=\u00bb11262&#8243; primary_title=\u00bb\u00bb hover_title=\u00bb\u00bb hover_background_color=\u00bbcustom\u00bb hover_custom_background=\u00bb#b80932&#8243;]<\/p>\n<h4><strong><span style=\"color: #ffffff;\">DISPONIBLES TODAS LAS FOTOS Y PRESENTACIONES DEL TECH4GOOD 2018\u00a0<\/span><\/strong><\/h4>\n<p>[\/vc_hoverbox][\/vc_column][\/vc_row][vc_row][vc_column][vc_separator color=\u00bbwhite\u00bb][vc_separator color=\u00bbwhite\u00bb][\/vc_column][\/vc_row][vc_row][vc_column][vc_message style=\u00bbsquare\u00bb message_box_color=\u00bbalert-info\u00bb icon_fontawesome=\u00bbfa fa-thumb-tack\u00bb]<\/p>\n<p style=\"text-align: center;\"><a href=\"http:\/\/cdn.bdigital.org\/PDF\/TECH4GOOD18\/programa_tech4good_food.pdf\"><strong>VER EL PROGRAMA 2018<\/strong><\/a><\/p>\n<p>[\/vc_message][\/vc_column][\/vc_row][vc_row][vc_column]    <div class=\"heading clearfix  heading- \">\r\n        <div class=\"heading-inner\">\r\n            <h2>CONSULTA LAS PRESENTACIONES DE LOS PONENTES<\/h2>\r\n                            <small class=\"subheading\">Para descargar las presentaciones, haz click sobre el nombre de los ponentes.<\/small>\r\n                                <\/div>\r\n    <\/div>\r\n    [vc_column_text]<em>*En algunos casos, las presentaciones publicadas difieren de las presentaciones originales dado que se presentaron datos<br \/>\nconfidenciales y no se pueden publicar.<\/em><\/p>\n<h4><strong><strong><span style=\"color: #b80931;\">EL FEN\u00d3MENO DEL TECH4GOOD EN EL MUNDO\u00a0<\/span><\/strong><\/strong><\/h4>\n<p><a href=\"http:\/\/cdn.bdigital.org\/PDF\/TECH4GOOD18\/SHIP2B.pdf\" target=\"_blank\" rel=\"noopener\"><strong>Xavier Pont,<\/strong> Co-founder and CEO, <strong>SHIP2B<\/strong><\/a><\/p>\n<h4><strong><strong><span style=\"color: #b80931;\">INNOVACI\u00d3N EN ALIMENTACI\u00d3N. BIOTECNOLOG\u00cdA Y LAS NUEVAS FUENTES DE PROTE\u00cdNA:<\/span><\/strong><\/strong><\/h4>\n<p><a href=\"http:\/\/cdn.bdigital.org\/PDF\/TECH4GOOD18\/GBFOODS.pdf\" target=\"_blank\" rel=\"noopener\"><strong>Clara Bartra,<\/strong> Growth Center Director, <strong>The GB Foods (Gallina Blanca Star)<\/strong><\/a><br \/>\n<a href=\"http:\/\/cdn.bdigital.org\/PDF\/TECH4GOOD18\/MAASTRICH_UNIVERSITY.pdf\" target=\"_blank\" rel=\"noopener\"><strong>Dr. Mark Post,<\/strong> Professor of Physiology | CSO, <strong>Maastrich University | MosaMeat<\/strong><\/a><br \/>\n<a href=\"http:\/\/cdn.bdigital.org\/PDF\/TECH4GOOD18\/NUTRINSECT.pdf\" target=\"_blank\" rel=\"noopener\"><strong>Josep Vidal,<\/strong> Co-Founder &amp; Chief Financial Officer, <strong>Nutrinsect<\/strong><\/a><br \/>\n<a href=\"http:\/\/cdn.bdigital.org\/PDF\/TECH4GOOD18\/MAHOU_SAN_MIGUEL.pdf\" target=\"_blank\" rel=\"noopener\"><strong>Jaume Lluis Tartera,<\/strong> Methods of Analysis, Control Systems and Laboratories Director,\u00a0<strong>Mahou San Miguel<\/strong><\/a><\/p>\n<h4><strong><strong><span style=\"color: #b80931;\">KEYNOTE SPEAKER:\u00a0<b>El futuro de la gen\u00f3mica en la agroalimentaci\u00f3n<\/b><\/span><\/strong><\/strong><\/h4>\n<p><a href=\"http:\/\/cdn.bdigital.org\/PDF\/TECH4GOOD18\/BIOPOLIS_ADM.pdf\" target=\"_blank\" rel=\"noopener\"><strong>Dr. Daniel Ramon,<\/strong> Vicepresident R&amp;D Health &amp; Wellness, <strong>Biopolis-ADM<\/strong><\/a><\/p>\n<h4><strong><strong><span style=\"color: #b80931;\">ALIMENTACI\u00d3N DEL FUTURO\u00a0<\/span><\/strong><\/strong><\/h4>\n<p><a href=\"http:\/\/cdn.bdigital.org\/PDF\/TECH4GOOD18\/EURECAT_BAS.pdf\" target=\"_blank\" rel=\"noopener\"><strong>Dr. Josep del Bas<\/strong>, Nutrition &amp; Health Unit Director, <strong>Eurecat<\/strong><\/a><\/p>\n<h4><strong><strong><span style=\"color: #b80931;\">MICROBIOTA: BACTERIAS Y MEJORA DE LA SALUD\u00a0<\/span><\/strong><\/strong><\/h4>\n<p><a href=\"http:\/\/cdn.bdigital.org\/PDF\/TECH4GOOD18\/ENTERAHEALTH.pdf\" target=\"_blank\" rel=\"noopener\"><strong>Dr. Javier Polo,<\/strong>Vice President Global Research &amp; Development, <strong>Entera Health<\/strong><\/a><br \/>\n<a href=\"http:\/\/cdn.bdigital.org\/PDF\/TECH4GOOD18\/EURECAT_AROLA.pdf\" target=\"_blank\" rel=\"noopener\"><strong>Dr. Llu\u00eds Arola,<\/strong> Scientific Director, <strong>Eurecat<\/strong><\/a>[\/vc_column_text][\/vc_column][\/vc_row][vc_row][vc_column]    <div class=\"heading clearfix  heading- \">\r\n        <div class=\"heading-inner\">\r\n            <h2>EL CONGRESO EN FOTOS<\/h2>\r\n                            <small class=\"subheading\">Haz clic sobre la imagen para ver las fotos en Flickr<\/small>\r\n                                <\/div>\r\n    <\/div>\r\n    [\/vc_column][\/vc_row][vc_row][vc_column width=\u00bb1\/3&#8243;][vc_single_image image=\u00bb11501&#8243; img_size=\u00bbmedium\u00bb alignment=\u00bbcenter\u00bb onclick=\u00bbcustom_link\u00bb link=\u00bbhttps:\/\/www.flickr.com\/photos\/eurecat\/sets\/72157696316964531&#8243;][\/vc_column][vc_column width=\u00bb1\/3&#8243;][vc_single_image image=\u00bb11459&#8243; img_size=\u00bbmedium\u00bb alignment=\u00bbcenter\u00bb onclick=\u00bbcustom_link\u00bb link=\u00bbhttps:\/\/www.flickr.com\/photos\/eurecat\/sets\/72157696316964531&#8243;][\/vc_column][vc_column width=\u00bb1\/3&#8243;][vc_single_image image=\u00bb11446&#8243; img_size=\u00bbmedium\u00bb alignment=\u00bbcenter\u00bb onclick=\u00bbcustom_link\u00bb link=\u00bbhttps:\/\/www.flickr.com\/photos\/eurecat\/sets\/72157696316964531&#8243;][\/vc_column][\/vc_row]<\/p>\n<\/div>","protected":false},"excerpt":{"rendered":"<p>[vc_row][vc_column][vc_hoverbox image=\u00bb11262&#8243; primary_title=\u00bb\u00bb hover_title=\u00bb\u00bb hover_background_color=\u00bbcustom\u00bb hover_custom_background=\u00bb#b80932&#8243;] DISPONIBLES TODAS LAS FOTOS Y PRESENTACIONES DEL TECH4GOOD 2018\u00a0 [\/vc_hoverbox][\/vc_column][\/vc_row][vc_row][vc_column][vc_separator color=\u00bbwhite\u00bb][vc_separator color=\u00bbwhite\u00bb][\/vc_column][\/vc_row][vc_row][vc_column][vc_message style=\u00bbsquare\u00bb message_box_color=\u00bbalert-info\u00bb icon_fontawesome=\u00bbfa fa-thumb-tack\u00bb] VER EL PROGRAMA 2018 [\/vc_message][\/vc_column][\/vc_row][vc_row][vc_column][vc_column_text]*En algunos casos, las presentaciones publicadas difieren de las presentaciones originales dado que se presentaron datos confidenciales y no se pueden publicar. EL FEN\u00d3MENO DEL TECH4GOOD EN EL MUNDO\u00a0 &hellip; <a href=\"https:\/\/tech4goodcongress.com\/es\/continguts-2018\/\" class=\"more-link\">Continue reading <span class=\"meta-nav\">&rarr;<\/span><span class=\"screen-reader-text\">Contenidos 2018<\/span> <\/a><\/p>\n","protected":false},"author":11,"featured_media":0,"parent":0,"menu_order":0,"comment_status":"closed","ping_status":"closed","template":"","meta":{"footnotes":""},"class_list":["post-11238","page","type-page","status-publish","hentry"],"yoast_head":"<!-- This site is optimized with the Yoast SEO plugin v27.4 - https:\/\/yoast.com\/product\/yoast-seo-wordpress\/ -->\n<title>Contenidos 2018 - tech4goodcongress<\/title>\n<meta name=\"robots\" content=\"index, follow, max-snippet:-1, max-image-preview:large, max-video-preview:-1\" \/>\n<link rel=\"canonical\" href=\"https:\/\/tech4goodcongress.com\/es\/continguts-2018\/\" \/>\n<meta property=\"og:locale\" content=\"es_ES\" \/>\n<meta property=\"og:type\" content=\"article\" \/>\n<meta property=\"og:title\" content=\"Contenidos 2018 - tech4goodcongress\" \/>\n<meta property=\"og:description\" content=\"[vc_row][vc_column][vc_hoverbox image=\u00bb11262&#8243; primary_title=\u00bb\u00bb hover_title=\u00bb\u00bb hover_background_color=\u00bbcustom\u00bb hover_custom_background=\u00bb#b80932&#8243;] DISPONIBLES TODAS LAS FOTOS Y PRESENTACIONES DEL TECH4GOOD 2018\u00a0 [\/vc_hoverbox][\/vc_column][\/vc_row][vc_row][vc_column][vc_separator color=\u00bbwhite\u00bb][vc_separator color=\u00bbwhite\u00bb][\/vc_column][\/vc_row][vc_row][vc_column][vc_message style=\u00bbsquare\u00bb message_box_color=\u00bbalert-info\u00bb icon_fontawesome=\u00bbfa fa-thumb-tack\u00bb] VER EL PROGRAMA 2018 [\/vc_message][\/vc_column][\/vc_row][vc_row][vc_column][vc_column_text]*En algunos casos, las presentaciones publicadas difieren de las presentaciones originales dado que se presentaron datos confidenciales y no se pueden publicar. EL FEN\u00d3MENO DEL TECH4GOOD EN EL MUNDO\u00a0 &hellip; Continue reading &rarr;Contenidos 2018\" \/>\n<meta property=\"og:url\" content=\"https:\/\/tech4goodcongress.com\/es\/continguts-2018\/\" \/>\n<meta property=\"og:site_name\" content=\"tech4goodcongress\" \/>\n<meta property=\"article:modified_time\" content=\"2025-06-19T11:50:59+00:00\" \/>\n<meta name=\"twitter:card\" content=\"summary_large_image\" \/>\n<meta name=\"twitter:label1\" content=\"Tiempo de lectura\" \/>\n\t<meta name=\"twitter:data1\" content=\"2 minutos\" \/>\n<script type=\"application\/ld+json\" class=\"yoast-schema-graph\">{\"@context\":\"https:\\\/\\\/schema.org\",\"@graph\":[{\"@type\":\"WebPage\",\"@id\":\"https:\\\/\\\/tech4goodcongress.com\\\/es\\\/continguts-2018\\\/\",\"url\":\"https:\\\/\\\/tech4goodcongress.com\\\/es\\\/continguts-2018\\\/\",\"name\":\"Contenidos 2018 - tech4goodcongress\",\"isPartOf\":{\"@id\":\"https:\\\/\\\/tech4goodcongress.com\\\/#website\"},\"datePublished\":\"2018-06-18T09:04:24+00:00\",\"dateModified\":\"2025-06-19T11:50:59+00:00\",\"breadcrumb\":{\"@id\":\"https:\\\/\\\/tech4goodcongress.com\\\/es\\\/continguts-2018\\\/#breadcrumb\"},\"inLanguage\":\"es\",\"potentialAction\":[{\"@type\":\"ReadAction\",\"target\":[\"https:\\\/\\\/tech4goodcongress.com\\\/es\\\/continguts-2018\\\/\"]}]},{\"@type\":\"BreadcrumbList\",\"@id\":\"https:\\\/\\\/tech4goodcongress.com\\\/es\\\/continguts-2018\\\/#breadcrumb\",\"itemListElement\":[{\"@type\":\"ListItem\",\"position\":1,\"name\":\"Inici\",\"item\":\"https:\\\/\\\/tech4goodcongress.com\\\/es\\\/home\\\/\"},{\"@type\":\"ListItem\",\"position\":2,\"name\":\"Contenidos 2018\"}]},{\"@type\":\"WebSite\",\"@id\":\"https:\\\/\\\/tech4goodcongress.com\\\/#website\",\"url\":\"https:\\\/\\\/tech4goodcongress.com\\\/\",\"name\":\"tech4goodcongress\",\"description\":\"tech4goodcongress\",\"potentialAction\":[{\"@type\":\"SearchAction\",\"target\":{\"@type\":\"EntryPoint\",\"urlTemplate\":\"https:\\\/\\\/tech4goodcongress.com\\\/?s={search_term_string}\"},\"query-input\":{\"@type\":\"PropertyValueSpecification\",\"valueRequired\":true,\"valueName\":\"search_term_string\"}}],\"inLanguage\":\"es\"}]}<\/script>\n<!-- \/ Yoast SEO plugin. -->","yoast_head_json":{"title":"Contenidos 2018 - tech4goodcongress","robots":{"index":"index","follow":"follow","max-snippet":"max-snippet:-1","max-image-preview":"max-image-preview:large","max-video-preview":"max-video-preview:-1"},"canonical":"https:\/\/tech4goodcongress.com\/es\/continguts-2018\/","og_locale":"es_ES","og_type":"article","og_title":"Contenidos 2018 - tech4goodcongress","og_description":"[vc_row][vc_column][vc_hoverbox image=\u00bb11262&#8243; primary_title=\u00bb\u00bb hover_title=\u00bb\u00bb hover_background_color=\u00bbcustom\u00bb hover_custom_background=\u00bb#b80932&#8243;] DISPONIBLES TODAS LAS FOTOS Y PRESENTACIONES DEL TECH4GOOD 2018\u00a0 [\/vc_hoverbox][\/vc_column][\/vc_row][vc_row][vc_column][vc_separator color=\u00bbwhite\u00bb][vc_separator color=\u00bbwhite\u00bb][\/vc_column][\/vc_row][vc_row][vc_column][vc_message style=\u00bbsquare\u00bb message_box_color=\u00bbalert-info\u00bb icon_fontawesome=\u00bbfa fa-thumb-tack\u00bb] VER EL PROGRAMA 2018 [\/vc_message][\/vc_column][\/vc_row][vc_row][vc_column][vc_column_text]*En algunos casos, las presentaciones publicadas difieren de las presentaciones originales dado que se presentaron datos confidenciales y no se pueden publicar. EL FEN\u00d3MENO DEL TECH4GOOD EN EL MUNDO\u00a0 &hellip; Continue reading &rarr;Contenidos 2018","og_url":"https:\/\/tech4goodcongress.com\/es\/continguts-2018\/","og_site_name":"tech4goodcongress","article_modified_time":"2025-06-19T11:50:59+00:00","twitter_card":"summary_large_image","twitter_misc":{"Tiempo de lectura":"2 minutos"},"schema":{"@context":"https:\/\/schema.org","@graph":[{"@type":"WebPage","@id":"https:\/\/tech4goodcongress.com\/es\/continguts-2018\/","url":"https:\/\/tech4goodcongress.com\/es\/continguts-2018\/","name":"Contenidos 2018 - tech4goodcongress","isPartOf":{"@id":"https:\/\/tech4goodcongress.com\/#website"},"datePublished":"2018-06-18T09:04:24+00:00","dateModified":"2025-06-19T11:50:59+00:00","breadcrumb":{"@id":"https:\/\/tech4goodcongress.com\/es\/continguts-2018\/#breadcrumb"},"inLanguage":"es","potentialAction":[{"@type":"ReadAction","target":["https:\/\/tech4goodcongress.com\/es\/continguts-2018\/"]}]},{"@type":"BreadcrumbList","@id":"https:\/\/tech4goodcongress.com\/es\/continguts-2018\/#breadcrumb","itemListElement":[{"@type":"ListItem","position":1,"name":"Inici","item":"https:\/\/tech4goodcongress.com\/es\/home\/"},{"@type":"ListItem","position":2,"name":"Contenidos 2018"}]},{"@type":"WebSite","@id":"https:\/\/tech4goodcongress.com\/#website","url":"https:\/\/tech4goodcongress.com\/","name":"tech4goodcongress","description":"tech4goodcongress","potentialAction":[{"@type":"SearchAction","target":{"@type":"EntryPoint","urlTemplate":"https:\/\/tech4goodcongress.com\/?s={search_term_string}"},"query-input":{"@type":"PropertyValueSpecification","valueRequired":true,"valueName":"search_term_string"}}],"inLanguage":"es"}]}},"_links":{"self":[{"href":"https:\/\/tech4goodcongress.com\/es\/wp-json\/wp\/v2\/pages\/11238","targetHints":{"allow":["GET"]}}],"collection":[{"href":"https:\/\/tech4goodcongress.com\/es\/wp-json\/wp\/v2\/pages"}],"about":[{"href":"https:\/\/tech4goodcongress.com\/es\/wp-json\/wp\/v2\/types\/page"}],"author":[{"embeddable":true,"href":"https:\/\/tech4goodcongress.com\/es\/wp-json\/wp\/v2\/users\/11"}],"replies":[{"embeddable":true,"href":"https:\/\/tech4goodcongress.com\/es\/wp-json\/wp\/v2\/comments?post=11238"}],"version-history":[{"count":0,"href":"https:\/\/tech4goodcongress.com\/es\/wp-json\/wp\/v2\/pages\/11238\/revisions"}],"wp:attachment":[{"href":"https:\/\/tech4goodcongress.com\/es\/wp-json\/wp\/v2\/media?parent=11238"}],"curies":[{"name":"wp","href":"https:\/\/api.w.org\/{rel}","templated":true}]}}