{"id":10333,"date":"2018-05-11T08:00:42","date_gmt":"2018-05-11T08:00:42","guid":{"rendered":"https:\/\/tech4goodcongress.com\/patrocinis\/"},"modified":"2025-06-19T11:51:03","modified_gmt":"2025-06-19T11:51:03","slug":"patrocinador-2018","status":"publish","type":"page","link":"https:\/\/tech4goodcongress.com\/es\/patrocinador-2018\/","title":{"rendered":"PATROCINADOR 2018"},"content":{"rendered":"<div class=\"wpb-content-wrapper\"><p>[vc_row content_placement=\u00bbmiddle\u00bb][vc_column width=\u00bb2\/3&#8243;][vc_separator color=\u00bbwhite\u00bb][vc_separator color=\u00bbwhite\u00bb]    <div class=\"heading clearfix  heading- \">\r\n        <div class=\"heading-inner\">\r\n            <h2>Patrocinador:&lt;\/p&gt;\n&lt;p&gt;Ayuntamiento de Barcelona<\/h2>\r\n                                <\/div>\r\n    <\/div>\r\n    [vc_column_text]<strong>Barcelona Activa<\/strong> impulsa el desarrollo econ\u00f3mico de Barcelona y su \u00e1rea metropolitana desde hace 30 a\u00f1os.<\/p>\n<p>Barcelona Activa tiene la misi\u00f3n de impulsar la pol\u00edtica econ\u00f3mica y el desarrollo local para promover la mejora de la calidad de vida de las ciudadanas y ciudadanos de Barcelona a trav\u00e9s del fomento del empleo, el impulso de la emprendedur\u00eda y el apoyo a las empresas, respondiendo a las diferentes necesidades de las personas en su territorio y desde la perspectiva de la econom\u00eda plural, que incluye, la Econom\u00eda Social y la Solidaria.<\/p>\n<p>Tiene tambi\u00e9n la misi\u00f3n de potenciar el empoderamiento de la ciudadan\u00eda y el reequilibrio entre territorios para lograr un modelo justo de desarrollo econ\u00f3mico y de creaci\u00f3n, mantenimiento y reparto del empleo.<\/p>\n<p><strong>M\u00e1s informaci\u00f3n en: www.bcn.cat<\/strong>[\/vc_column_text][vc_separator color=\u00bbwhite\u00bb][vc_separator color=\u00bbwhite\u00bb][vc_separator color=\u00bbblack\u00bb style=\u00bbdotted\u00bb][vc_separator color=\u00bbwhite\u00bb][vc_separator color=\u00bbwhite\u00bb][vc_separator color=\u00bbwhite\u00bb]    <div class=\"heading clearfix  heading-v2 \">\r\n        <div class=\"heading-inner\">\r\n            <h2>\u00bfQuieres patrocinar el congreso?<\/h2>\r\n                                        <div class=\"des\"><\/p>\n<div style=\"text-align: justify\">Para formar parte de los <strong>patrocinadores del Tech4Good Congres<\/strong>s contacta con:\u00a0<strong>gemma.lopez [at] eurecat.org<\/strong><\/div>\n<p><span style=\"text-align: justify\">Eurecat Events ofrece la experiencia innovadora y tecnol\u00f3gica del centro tecnol\u00f3gico Eurecat con <\/span><strong style=\"text-align: justify\">m\u00e1s de 15 a\u00f1os en el \u00e1mbito de la promoci\u00f3n y difusi\u00f3n<\/strong><span style=\"text-align: justify\">.<\/span><\/p>\n<p><strong style=\"text-align: justify\">Cada uno de nuestros eventos es una oportunidad<\/strong><span style=\"text-align: justify\"> para que pod\u00e1is <\/span><strong style=\"text-align: justify\">aprender, conocer, inspiraros<\/strong><span style=\"text-align: justify\"> y sobre todo <\/span><strong style=\"text-align: justify\">ayudarle en el posicionamiento e imagen de su empresa.<\/strong><\/p>\n<div style=\"text-align: justify\">\n<p>Contribuimos a ofrecer un amplio conocimiento y las tendencias m\u00e1s innovadoras relacionadas con las tecnolog\u00edas de la informaci\u00f3n y la comunicaci\u00f3n, aplicadas a diferentes sectores empresariales y \u00e1mbitos sociales.<\/p>\n<\/div>\n<p><\/div>\r\n                    <\/div>\r\n    <\/div>\r\n    [\/vc_column][vc_column width=\u00bb1\/3&#8243;][vc_separator color=\u00bbwhite\u00bb][vc_separator color=\u00bbwhite\u00bb][vc_separator color=\u00bbwhite\u00bb][vc_separator color=\u00bbwhite\u00bb][vc_separator color=\u00bbwhite\u00bb][vc_single_image image=\u00bb10930&#8243; img_size=\u00bbfull\u00bb onclick=\u00bbcustom_link\u00bb img_link_target=\u00bb_blank\u00bb link=\u00bbhttp:\/\/ajuntament.barcelona.cat\u00bb][vc_separator color=\u00bbwhite\u00bb][vc_separator color=\u00bbwhite\u00bb][vc_separator color=\u00bbwhite\u00bb][vc_separator color=\u00bbwhite\u00bb][vc_separator color=\u00bbwhite\u00bb][vc_separator color=\u00bbwhite\u00bb][vc_separator color=\u00bbwhite\u00bb][vc_separator color=\u00bbwhite\u00bb][vc_separator color=\u00bbwhite\u00bb][vc_separator color=\u00bbwhite\u00bb][vc_separator color=\u00bbwhite\u00bb][vc_message style=\u00bbround\u00bb message_box_color=\u00bbblack\u00bb]<\/p>\n<h4 style=\"text-align: center;\"><a href=\"http:\/\/cdn.bdigital.org\/PDF\/TECH4GOOD18\/PROGRAMA__Tech4GoodCongress_2018_CAST.pdf\" target=\"_blank\" rel=\"noopener noreferrer\"><span style=\"color: #fcfbfb;\">M\u00e1s informaci\u00f3n<\/span><\/a><\/h4>\n<p>[\/vc_message][\/vc_column][\/vc_row][vc_row][vc_column width=\u00bb2\/3&#8243;][\/vc_column][vc_column width=\u00bb1\/3&#8243;][\/vc_column][\/vc_row][vc_row][vc_column][\/vc_column][\/vc_row][vc_row][vc_column][vc_column_text]<\/p>\n<p>[\/vc_column_text][\/vc_column][\/vc_row]<\/p>\n<\/div>","protected":false},"excerpt":{"rendered":"<p>[vc_row content_placement=\u00bbmiddle\u00bb][vc_column width=\u00bb2\/3&#8243;][vc_separator color=\u00bbwhite\u00bb][vc_separator color=\u00bbwhite\u00bb][vc_column_text]Barcelona Activa impulsa el desarrollo econ\u00f3mico de Barcelona y su \u00e1rea metropolitana desde hace 30 a\u00f1os. Barcelona Activa tiene la misi\u00f3n de impulsar la pol\u00edtica econ\u00f3mica y el desarrollo local para promover la mejora de la calidad de vida de las ciudadanas y ciudadanos de Barcelona a trav\u00e9s del fomento del &hellip; <a href=\"https:\/\/tech4goodcongress.com\/es\/patrocinador-2018\/\" class=\"more-link\">Continue reading <span class=\"meta-nav\">&rarr;<\/span><span class=\"screen-reader-text\">PATROCINADOR 2018<\/span> <\/a><\/p>\n","protected":false},"author":8,"featured_media":0,"parent":0,"menu_order":0,"comment_status":"closed","ping_status":"closed","template":"","meta":{"footnotes":""},"class_list":["post-10333","page","type-page","status-publish","hentry"],"yoast_head":"<!-- This site is optimized with the Yoast SEO plugin v27.4 - https:\/\/yoast.com\/product\/yoast-seo-wordpress\/ -->\n<title>PATROCINADOR 2018 - tech4goodcongress<\/title>\n<meta name=\"robots\" content=\"index, follow, max-snippet:-1, max-image-preview:large, max-video-preview:-1\" \/>\n<link rel=\"canonical\" href=\"https:\/\/tech4goodcongress.com\/es\/patrocinador-2018\/\" \/>\n<meta property=\"og:locale\" content=\"es_ES\" \/>\n<meta property=\"og:type\" content=\"article\" \/>\n<meta property=\"og:title\" content=\"PATROCINADOR 2018 - tech4goodcongress\" \/>\n<meta property=\"og:description\" content=\"[vc_row content_placement=\u00bbmiddle\u00bb][vc_column width=\u00bb2\/3&#8243;][vc_separator color=\u00bbwhite\u00bb][vc_separator color=\u00bbwhite\u00bb][vc_column_text]Barcelona Activa impulsa el desarrollo econ\u00f3mico de Barcelona y su \u00e1rea metropolitana desde hace 30 a\u00f1os. Barcelona Activa tiene la misi\u00f3n de impulsar la pol\u00edtica econ\u00f3mica y el desarrollo local para promover la mejora de la calidad de vida de las ciudadanas y ciudadanos de Barcelona a trav\u00e9s del fomento del &hellip; Continue reading &rarr;PATROCINADOR 2018\" \/>\n<meta property=\"og:url\" content=\"https:\/\/tech4goodcongress.com\/es\/patrocinador-2018\/\" \/>\n<meta property=\"og:site_name\" content=\"tech4goodcongress\" \/>\n<meta property=\"article:modified_time\" content=\"2025-06-19T11:51:03+00:00\" \/>\n<meta name=\"twitter:card\" content=\"summary_large_image\" \/>\n<meta name=\"twitter:label1\" content=\"Tiempo de lectura\" \/>\n\t<meta name=\"twitter:data1\" content=\"2 minutos\" \/>\n<script type=\"application\/ld+json\" class=\"yoast-schema-graph\">{\"@context\":\"https:\\\/\\\/schema.org\",\"@graph\":[{\"@type\":\"WebPage\",\"@id\":\"https:\\\/\\\/tech4goodcongress.com\\\/es\\\/patrocinador-2018\\\/\",\"url\":\"https:\\\/\\\/tech4goodcongress.com\\\/es\\\/patrocinador-2018\\\/\",\"name\":\"PATROCINADOR 2018 - tech4goodcongress\",\"isPartOf\":{\"@id\":\"https:\\\/\\\/tech4goodcongress.com\\\/#website\"},\"datePublished\":\"2018-05-11T08:00:42+00:00\",\"dateModified\":\"2025-06-19T11:51:03+00:00\",\"breadcrumb\":{\"@id\":\"https:\\\/\\\/tech4goodcongress.com\\\/es\\\/patrocinador-2018\\\/#breadcrumb\"},\"inLanguage\":\"es\",\"potentialAction\":[{\"@type\":\"ReadAction\",\"target\":[\"https:\\\/\\\/tech4goodcongress.com\\\/es\\\/patrocinador-2018\\\/\"]}]},{\"@type\":\"BreadcrumbList\",\"@id\":\"https:\\\/\\\/tech4goodcongress.com\\\/es\\\/patrocinador-2018\\\/#breadcrumb\",\"itemListElement\":[{\"@type\":\"ListItem\",\"position\":1,\"name\":\"Inici\",\"item\":\"https:\\\/\\\/tech4goodcongress.com\\\/es\\\/home\\\/\"},{\"@type\":\"ListItem\",\"position\":2,\"name\":\"PATROCINADOR 2018\"}]},{\"@type\":\"WebSite\",\"@id\":\"https:\\\/\\\/tech4goodcongress.com\\\/#website\",\"url\":\"https:\\\/\\\/tech4goodcongress.com\\\/\",\"name\":\"tech4goodcongress\",\"description\":\"tech4goodcongress\",\"potentialAction\":[{\"@type\":\"SearchAction\",\"target\":{\"@type\":\"EntryPoint\",\"urlTemplate\":\"https:\\\/\\\/tech4goodcongress.com\\\/?s={search_term_string}\"},\"query-input\":{\"@type\":\"PropertyValueSpecification\",\"valueRequired\":true,\"valueName\":\"search_term_string\"}}],\"inLanguage\":\"es\"}]}<\/script>\n<!-- \/ Yoast SEO plugin. -->","yoast_head_json":{"title":"PATROCINADOR 2018 - tech4goodcongress","robots":{"index":"index","follow":"follow","max-snippet":"max-snippet:-1","max-image-preview":"max-image-preview:large","max-video-preview":"max-video-preview:-1"},"canonical":"https:\/\/tech4goodcongress.com\/es\/patrocinador-2018\/","og_locale":"es_ES","og_type":"article","og_title":"PATROCINADOR 2018 - tech4goodcongress","og_description":"[vc_row content_placement=\u00bbmiddle\u00bb][vc_column width=\u00bb2\/3&#8243;][vc_separator color=\u00bbwhite\u00bb][vc_separator color=\u00bbwhite\u00bb][vc_column_text]Barcelona Activa impulsa el desarrollo econ\u00f3mico de Barcelona y su \u00e1rea metropolitana desde hace 30 a\u00f1os. Barcelona Activa tiene la misi\u00f3n de impulsar la pol\u00edtica econ\u00f3mica y el desarrollo local para promover la mejora de la calidad de vida de las ciudadanas y ciudadanos de Barcelona a trav\u00e9s del fomento del &hellip; Continue reading &rarr;PATROCINADOR 2018","og_url":"https:\/\/tech4goodcongress.com\/es\/patrocinador-2018\/","og_site_name":"tech4goodcongress","article_modified_time":"2025-06-19T11:51:03+00:00","twitter_card":"summary_large_image","twitter_misc":{"Tiempo de lectura":"2 minutos"},"schema":{"@context":"https:\/\/schema.org","@graph":[{"@type":"WebPage","@id":"https:\/\/tech4goodcongress.com\/es\/patrocinador-2018\/","url":"https:\/\/tech4goodcongress.com\/es\/patrocinador-2018\/","name":"PATROCINADOR 2018 - tech4goodcongress","isPartOf":{"@id":"https:\/\/tech4goodcongress.com\/#website"},"datePublished":"2018-05-11T08:00:42+00:00","dateModified":"2025-06-19T11:51:03+00:00","breadcrumb":{"@id":"https:\/\/tech4goodcongress.com\/es\/patrocinador-2018\/#breadcrumb"},"inLanguage":"es","potentialAction":[{"@type":"ReadAction","target":["https:\/\/tech4goodcongress.com\/es\/patrocinador-2018\/"]}]},{"@type":"BreadcrumbList","@id":"https:\/\/tech4goodcongress.com\/es\/patrocinador-2018\/#breadcrumb","itemListElement":[{"@type":"ListItem","position":1,"name":"Inici","item":"https:\/\/tech4goodcongress.com\/es\/home\/"},{"@type":"ListItem","position":2,"name":"PATROCINADOR 2018"}]},{"@type":"WebSite","@id":"https:\/\/tech4goodcongress.com\/#website","url":"https:\/\/tech4goodcongress.com\/","name":"tech4goodcongress","description":"tech4goodcongress","potentialAction":[{"@type":"SearchAction","target":{"@type":"EntryPoint","urlTemplate":"https:\/\/tech4goodcongress.com\/?s={search_term_string}"},"query-input":{"@type":"PropertyValueSpecification","valueRequired":true,"valueName":"search_term_string"}}],"inLanguage":"es"}]}},"_links":{"self":[{"href":"https:\/\/tech4goodcongress.com\/es\/wp-json\/wp\/v2\/pages\/10333","targetHints":{"allow":["GET"]}}],"collection":[{"href":"https:\/\/tech4goodcongress.com\/es\/wp-json\/wp\/v2\/pages"}],"about":[{"href":"https:\/\/tech4goodcongress.com\/es\/wp-json\/wp\/v2\/types\/page"}],"author":[{"embeddable":true,"href":"https:\/\/tech4goodcongress.com\/es\/wp-json\/wp\/v2\/users\/8"}],"replies":[{"embeddable":true,"href":"https:\/\/tech4goodcongress.com\/es\/wp-json\/wp\/v2\/comments?post=10333"}],"version-history":[{"count":0,"href":"https:\/\/tech4goodcongress.com\/es\/wp-json\/wp\/v2\/pages\/10333\/revisions"}],"wp:attachment":[{"href":"https:\/\/tech4goodcongress.com\/es\/wp-json\/wp\/v2\/media?parent=10333"}],"curies":[{"name":"wp","href":"https:\/\/api.w.org\/{rel}","templated":true}]}}